{"id":291,"date":"2022-02-11T18:24:00","date_gmt":"2022-02-11T18:24:00","guid":{"rendered":"https:\/\/mokrice-castle.com\/hr\/?page_id=291"},"modified":"2023-02-24T08:51:04","modified_gmt":"2023-02-24T08:51:04","slug":"golf-school-price-list","status":"publish","type":"page","link":"https:\/\/mokrice-castle.com\/hr\/golf\/golf-school-price-list\/","title":{"rendered":"Golf School Price list"},"content":{"rendered":"<p>[et_pb_section fb_built=&#8221;1&#8243; admin_label=&#8221;Work&#8221; _builder_version=&#8221;3.24&#8243; background_image=&#8221;https:\/\/mokrice-castle.com\/hr\/wp-content\/uploads\/2022\/01\/art-gallery-55.jpg&#8221; background_size=&#8221;initial&#8221; background_repeat=&#8221;repeat&#8221; global_colors_info=&#8221;{}&#8221;][et_pb_row custom_padding_last_edited=&#8221;off|phone&#8221; _builder_version=&#8221;3.25&#8243; background_position=&#8221;bottom_center&#8221; custom_padding_tablet=&#8221;17vw||17vw||false&#8221; use_custom_width=&#8221;on&#8221; width_unit=&#8221;off&#8221; custom_width_percent=&#8221;100%&#8221; locked=&#8221;off&#8221; global_colors_info=&#8221;{}&#8221;][et_pb_column type=&#8221;4_4&#8243; _builder_version=&#8221;3.25&#8243; custom_padding=&#8221;|||&#8221; global_colors_info=&#8221;{}&#8221; custom_padding__hover=&#8221;|||&#8221;][et_pb_text _builder_version=&#8221;4.8.1&#8243; text_font=&#8221;||||||||&#8221; header_font=&#8221;||||||||&#8221; header_2_font=&#8221;Prata|500|||||||&#8221; header_2_text_align=&#8221;center&#8221; header_2_font_size=&#8221;56px&#8221; header_2_line_height=&#8221;1.3em&#8221; header_3_font=&#8221;|700||on|||||&#8221; header_3_text_align=&#8221;center&#8221; header_3_text_color=&#8221;rgba(0,0,0,0.35)&#8221; header_3_font_size=&#8221;12px&#8221; header_3_letter_spacing=&#8221;5px&#8221; header_3_line_height=&#8221;2em&#8221; transform_translate_linked=&#8221;off&#8221; max_width=&#8221;700px&#8221; max_width_tablet=&#8221;70%&#8221; max_width_last_edited=&#8221;off|phone&#8221; module_alignment=&#8221;center&#8221; custom_margin=&#8221;||3px|||&#8221; header_2_font_size_tablet=&#8221;40px&#8221; header_2_font_size_phone=&#8221;26px&#8221; header_2_font_size_last_edited=&#8221;on|tablet&#8221; header_3_font_size_phone=&#8221;10px&#8221; header_3_font_size_last_edited=&#8221;off|desktop&#8221; module_alignment_last_edited=&#8221;off|desktop&#8221; global_colors_info=&#8221;{}&#8221;]<\/p>\n<h3><\/h3>\n<h2>Cjenik golfa<\/h2>\n<p>[\/et_pb_text][et_pb_button button_url=&#8221;https:\/\/mokrice-castle.com\/hr\/golf&#8221; button_text=&#8221;povratak na stranicu golfa&#8221; button_alignment=&#8221;center&#8221; _builder_version=&#8221;4.14.8&#8243; custom_button=&#8221;on&#8221; button_text_size=&#8221;14px&#8221; button_text_color=&#8221;#000000&#8243; button_bg_color=&#8221;rgba(0,0,0,0)&#8221; button_border_width=&#8221;0px&#8221; button_border_radius=&#8221;0px&#8221; button_font=&#8221;|700|||||||&#8221; custom_margin_tablet=&#8221;0px|0px||&#8221; custom_margin_phone=&#8221;|0px||&#8221; custom_margin_last_edited=&#8221;off|desktop&#8221; custom_padding=&#8221;6px|0px|6px|0px|true|true&#8221; hover_enabled=&#8221;0&#8243; box_shadow_style=&#8221;preset4&#8243; box_shadow_horizontal=&#8221;0px&#8221; box_shadow_vertical=&#8221;1px&#8221; box_shadow_color=&#8221;#000000&#8243; locked=&#8221;off&#8221; global_colors_info=&#8221;{}&#8221; sticky_enabled=&#8221;0&#8243;][\/et_pb_button][et_pb_text _builder_version=&#8221;4.8.1&#8243; text_font=&#8221;||||||||&#8221; text_text_color=&#8221;#000000&#8243; text_line_height=&#8221;1.8em&#8221; header_font=&#8221;||||||||&#8221; header_2_font=&#8221;Prata|500|||||||&#8221; header_2_text_align=&#8221;center&#8221; header_2_font_size=&#8221;56px&#8221; header_2_line_height=&#8221;1.3em&#8221; header_3_font=&#8221;|700||on|||||&#8221; header_3_text_align=&#8221;center&#8221; header_3_text_color=&#8221;rgba(0,0,0,0.35)&#8221; header_3_font_size=&#8221;12px&#8221; header_3_letter_spacing=&#8221;5px&#8221; header_3_line_height=&#8221;2em&#8221; transform_translate_linked=&#8221;off&#8221; max_width=&#8221;700px&#8221; max_width_tablet=&#8221;70%&#8221; max_width_last_edited=&#8221;off|phone&#8221; module_alignment=&#8221;center&#8221; header_2_font_size_tablet=&#8221;40px&#8221; header_2_font_size_phone=&#8221;26px&#8221; header_2_font_size_last_edited=&#8221;on|tablet&#8221; header_3_font_size_phone=&#8221;10px&#8221; header_3_font_size_last_edited=&#8221;off|desktop&#8221; module_alignment_last_edited=&#8221;off|desktop&#8221; global_colors_info=&#8221;{}&#8221;]<\/p>\n<div class=\"table-outer1\">\n<div class=\"table-outer2\">\n<table width=\"100%\" border=\"0\" class=\"table\" cellspacing=\"0\" cellpadding=\"0\">\n<tbody>\n<tr>\n<td class=\"table-cell table-cellFirstRow table-cellFirstColumn table-cellHeader\" valign=\"top\"><strong>in \u20ac<\/strong><\/td>\n<td class=\"table-cell table-cellFirstRow table-cellHeader\" valign=\"top\"><strong>18 rupa<\/strong><\/td>\n<td class=\"table-cell table-cellFirstRow table-cellLastColumn table-cellHeader\" valign=\"top\" colspan=\"2\"><strong>9 rupa<\/strong><\/td>\n<\/tr>\n<tr>\n<td class=\"table-cell table-cellFirstColumn\" valign=\"top\">Green fee &#8211; vikend i praznik<\/td>\n<td class=\"table-cell\" valign=\"top\">65<\/td>\n<td class=\"table-cell table-cellLastColumn\" valign=\"top\" colspan=\"2\">44<\/td>\n<\/tr>\n<tr>\n<td class=\"table-cell table-cellFirstColumn\" valign=\"top\">Green fee &#8211; radni dan<\/td>\n<td class=\"table-cell\" valign=\"top\">55<\/td>\n<td class=\"table-cell table-cellLastColumn\" valign=\"top\" colspan=\"2\">39<\/td>\n<\/tr>\n<tr>\n<td class=\"table-cell table-cellFirstColumn\" valign=\"top\">Najam golf vozila &#8211; jedna igra<\/td>\n<td class=\"table-cell\" valign=\"top\">35<\/td>\n<td class=\"table-cell table-cellLastColumn\" valign=\"top\" colspan=\"2\">23<\/td>\n<\/tr>\n<tr>\n<td class=\"table-cell table-cellFirstColumn\" valign=\"top\">Set od 10 karata<\/td>\n<td class=\"table-cell\" valign=\"top\" colspan=\"3\">405<\/td>\n<\/tr>\n<tr>\n<td class=\"table-cell table-cellFirstColumn\" valign=\"top\">Golf palica za najam<\/td>\n<td class=\"table-cell\" valign=\"top\" colspan=\"3\">22<\/td>\n<\/tr>\n<tr>\n<td class=\"table-cell table-cellFirstColumn\" valign=\"top\">Pola seta golf palica za najam\u00a0<\/td>\n<td class=\"table-cell\" valign=\"top\" colspan=\"3\">18<\/td>\n<\/tr>\n<tr>\n<td class=\"table-cell table-cellFirstColumn\" valign=\"top\">Golf cart (rental)<\/td>\n<td class=\"table-cell\" valign=\"top\" colspan=\"3\">8<\/td>\n<\/tr>\n<tr>\n<td class=\"table-cell table-cellFirstColumn\" valign=\"top\">Godi\u0161nji najam ormari\u0107a<\/td>\n<td class=\"table-cell\" valign=\"top\" colspan=\"3\">60<\/td>\n<\/tr>\n<tr>\n<td class=\"table-cell table-cellFirstColumn\" valign=\"top\">Godi\u0161nji najam Golf ormari\u0107a<\/td>\n<td class=\"table-cell\" valign=\"top\" colspan=\"3\">100<\/td>\n<\/tr>\n<tr>\n<td class=\"table-cell table-cellFirstColumn\" valign=\"top\">Godi\u0161nji najam Golf ormari\u0107a i ormari\u0107a<\/td>\n<td class=\"table-cell\" valign=\"top\" colspan=\"3\">130<\/td>\n<\/tr>\n<tr>\n<td class=\"table-cell table-cellFirstColumn\" valign=\"top\">Loptice za vje\u017ebu (34 komada)<\/td>\n<td class=\"table-cell\" valign=\"top\" colspan=\"3\">3<\/td>\n<\/tr>\n<tr>\n<td class=\"table-cell table-cellFirstColumn\" valign=\"top\">Unlimited driving range<\/td>\n<td class=\"table-cell\" valign=\"top\" colspan=\"3\">15<\/td>\n<\/tr>\n<tr>\n<td class=\"table-cell table-cellFirstColumn table-cellHeader\" valign=\"top\" colspan=\"4\"><strong>Individual lessons<\/strong><\/td>\n<\/tr>\n<tr>\n<td class=\"table-cell table-cellFirstColumn\" valign=\"top\">1 person<\/td>\n<td class=\"table-cell\" valign=\"top\" colspan=\"3\">36<\/td>\n<\/tr>\n<tr>\n<td class=\"table-cell table-cellFirstColumn\" valign=\"top\">2 persons<\/td>\n<td class=\"table-cell\" valign=\"top\" colspan=\"3\">47<\/td>\n<\/tr>\n<tr>\n<td class=\"table-cell table-cellFirstColumn table-cellLastRow\" valign=\"top\">3 persons<\/td>\n<td class=\"table-cell table-cellLastRow\" valign=\"top\" colspan=\"3\">59<\/td>\n<\/tr>\n<\/tbody>\n<\/table>\n<\/div>\n<\/div>\n<p align=\"center\" style=\"text-align: center;\">\n<p>[\/et_pb_text][et_pb_text _builder_version=&#8221;4.8.1&#8243; _module_preset=&#8221;default&#8221; global_colors_info=&#8221;{}&#8221;]<\/p>\n<h3 class=\"text align-\"><strong>Dnevni popusti<\/strong><\/h3>\n<div class=\"paragraph paragraph-normal grumpy-fitText-wrap-item\">\n<div class=\"paragraph-inner\">\n<ul>\n<li>\n<p>Djeca do 10 godina pod nadzorom roditelja &#8211; besplatno (uvjet: roditelji posjeduju golf karticu ili green-fee kartu)<\/p>\n<\/li>\n<li>\n<p>Igra\u010di do 17,99 godina &#8211; 50% popusta<\/p>\n<\/li>\n<li>\n<p>Gosti hotela Terme, hotela Toplice, hotela \u010cate\u017e, Golf hotela Dvorac Mokrice i depadanse Mokrice uklj. (Golf apartmani bez) &#8211; 30 % popusta<\/p>\n<\/li>\n<li>\n<p>Imatelji Lions-, Exlusive-, Golf Diners club kartica &#8211;\u00a0 20%\u00a0 popusta<\/p>\n<\/li>\n<li>\n<p>Imatelji Golf fee kartice\u00a0 &#8211; 30% popusta<\/p>\n<\/li>\n<li>\n<p>Vlasnici Golf vip kartice &#8211; 20% popusta<\/p>\n<p>Popusti se ne zbrajaju. Nema popusta tijekom turnira. Set green feesa ne dobiva popust.<\/p>\n<\/li>\n<\/ul>\n<\/div>\n<\/div>\n<h3 class=\"text align-\"><\/h3>\n<h3 class=\"text align-\"><strong>Posebni popusti<\/strong><\/h3>\n<div class=\"paragraph paragraph-normal grumpy-fitText-wrap-item\">\n<div class=\"paragraph-inner\">\n<ul>\n<li>\n<p>Ponedjeljkom \u2013 mu\u0161ki dan: 50% popusta (turniri i praznici nisu uklju\u010deni).<\/p>\n<\/li>\n<li>\n<p>Utorkom \u2013 Dan \u017eena: 50% popusta (turniri i praznici nisu uklju\u010deni).<\/p>\n<\/li>\n<li>Usputne, ali \u010deste kontrole od strane osoblja vlasnika golf igrali\u0161ta. Pridr\u017eavajte se pravila osoblja golf terena. Kr\u0161enje pravila bit \u0107e ka\u017enjeno, a igra\u010du \u0107e biti uskra\u0107en pristup golf terenu (bez povrata novca).<\/li>\n<\/ul>\n<\/div>\n<\/div>\n<h3 class=\"text align-\"><strong><\/strong><\/h3>\n<h3 class=\"text align-\"><strong>Pravila za vlasnike sezonskih karata<\/strong><\/h3>\n<div class=\"paragraph paragraph-normal grumpy-fitText-wrap-item\">\n<div class=\"paragraph-inner\">\n<ul>\n<li>Rezervacija vremena starta je neophodna. Prilikom rezervacije dostaviti i podatke o broju igra\u010da.<\/li>\n<li>Svaka utakmica se prijavljuje na recepciji. Tamo igra\u010d dobiva karticu s po\u010detnim vremenom.<\/li>\n<li>Uprava ima pravo zatvoriti stazu zbog lo\u0161eg stanja terena.<\/li>\n<li>U slu\u010daju kr\u0161enja gore navedenih pravila nositelju se mo\u017ee zabraniti pristup igrali\u0161tu i igranje, odnosno. Do kraja golf sezone.<\/li>\n<\/ul>\n<\/div>\n<\/div>\n<p>[\/et_pb_text][\/et_pb_column][\/et_pb_row][\/et_pb_section]<\/p>\n","protected":false},"excerpt":{"rendered":"<p>First mentioned in 1444, the Mokrice Castle stands on slightly elevated ground on the hillsides of Gorjanci where they descend into the Sava Valley, close to the border with Croatia near the Jesenice<\/p>\n","protected":false},"author":1,"featured_media":41,"parent":153,"menu_order":0,"comment_status":"closed","ping_status":"closed","template":"","meta":{"_et_pb_use_builder":"on","_et_pb_old_content":"","_et_gb_content_width":"","footnotes":""},"class_list":["post-291","page","type-page","status-publish","has-post-thumbnail","hentry"],"_links":{"self":[{"href":"https:\/\/mokrice-castle.com\/hr\/wp-json\/wp\/v2\/pages\/291","targetHints":{"allow":["GET"]}}],"collection":[{"href":"https:\/\/mokrice-castle.com\/hr\/wp-json\/wp\/v2\/pages"}],"about":[{"href":"https:\/\/mokrice-castle.com\/hr\/wp-json\/wp\/v2\/types\/page"}],"author":[{"embeddable":true,"href":"https:\/\/mokrice-castle.com\/hr\/wp-json\/wp\/v2\/users\/1"}],"replies":[{"embeddable":true,"href":"https:\/\/mokrice-castle.com\/hr\/wp-json\/wp\/v2\/comments?post=291"}],"version-history":[{"count":0,"href":"https:\/\/mokrice-castle.com\/hr\/wp-json\/wp\/v2\/pages\/291\/revisions"}],"up":[{"embeddable":true,"href":"https:\/\/mokrice-castle.com\/hr\/wp-json\/wp\/v2\/pages\/153"}],"wp:featuredmedia":[{"embeddable":true,"href":"https:\/\/mokrice-castle.com\/hr\/wp-json\/wp\/v2\/media\/41"}],"wp:attachment":[{"href":"https:\/\/mokrice-castle.com\/hr\/wp-json\/wp\/v2\/media?parent=291"}],"curies":[{"name":"wp","href":"https:\/\/api.w.org\/{rel}","templated":true}]}}