{"id":359,"date":"2022-02-25T07:41:55","date_gmt":"2022-02-25T07:41:55","guid":{"rendered":"https:\/\/mokrice-castle.com\/hr\/?page_id=359"},"modified":"2025-06-03T19:16:21","modified_gmt":"2025-06-03T19:16:21","slug":"book-a-venue","status":"publish","type":"page","link":"https:\/\/mokrice-castle.com\/hr\/book-a-venue\/","title":{"rendered":"Book a venue"},"content":{"rendered":"<p>[et_pb_section fb_built=&#8221;1&#8243; admin_label=&#8221;Work&#8221; _builder_version=&#8221;4.16&#8243; background_enable_image=&#8221;off&#8221; background_size=&#8221;initial&#8221; background_repeat=&#8221;repeat&#8221; global_colors_info=&#8221;{}&#8221;][et_pb_row custom_padding_last_edited=&#8221;off|phone&#8221; _builder_version=&#8221;4.16&#8243; background_position=&#8221;bottom_center&#8221; custom_padding_tablet=&#8221;17vw||17vw||false&#8221; use_custom_width=&#8221;on&#8221; width_unit=&#8221;off&#8221; custom_width_percent=&#8221;100%&#8221; locked=&#8221;off&#8221; global_colors_info=&#8221;{}&#8221;][et_pb_column type=&#8221;4_4&#8243; _builder_version=&#8221;4.16&#8243; custom_padding=&#8221;|||&#8221; global_colors_info=&#8221;{}&#8221; custom_padding__hover=&#8221;|||&#8221;][et_pb_text _builder_version=&#8221;4.16&#8243; text_font=&#8221;||||||||&#8221; header_font=&#8221;||||||||&#8221; header_2_font=&#8221;Prata|500|||||||&#8221; header_2_text_align=&#8221;center&#8221; header_2_font_size=&#8221;56px&#8221; header_2_line_height=&#8221;1.3em&#8221; header_3_font=&#8221;|700||on|||||&#8221; header_3_text_align=&#8221;center&#8221; header_3_text_color=&#8221;rgba(0,0,0,0.35)&#8221; header_3_font_size=&#8221;12px&#8221; header_3_letter_spacing=&#8221;5px&#8221; header_3_line_height=&#8221;2em&#8221; transform_translate_linked=&#8221;off&#8221; max_width=&#8221;700px&#8221; max_width_tablet=&#8221;70%&#8221; max_width_last_edited=&#8221;off|phone&#8221; module_alignment=&#8221;center&#8221; header_2_font_size_tablet=&#8221;40px&#8221; header_2_font_size_phone=&#8221;26px&#8221; header_2_font_size_last_edited=&#8221;on|tablet&#8221; header_3_font_size_phone=&#8221;10px&#8221; header_3_font_size_last_edited=&#8221;off|desktop&#8221; module_alignment_last_edited=&#8221;off|desktop&#8221; global_colors_info=&#8221;{}&#8221;]<\/p>\n<h3><\/h3>\n<h2>Rezerviraj doga\u0111aj<\/h2>\n<p>[\/et_pb_text][et_pb_contact_form email=&#8221;hotelgradmokrice@terme-catez.si&#8221; submit_button_text=&#8221;PO\u0160ALJI&#8221; _builder_version=&#8221;4.27.4&#8243; _module_preset=&#8221;default&#8221; _unique_id=&#8221;e062e59c-e0c6-4dec-beff-d35168696943&#8243; custom_button=&#8221;on&#8221; button_text_size=&#8221;16px&#8221; button_text_color=&#8221;#FFFFFF&#8221; button_bg_color=&#8221;#000000&#8243; button_font=&#8221;|700||on|||||&#8221; hover_enabled=&#8221;0&#8243; global_colors_info=&#8221;{}&#8221; sticky_enabled=&#8221;0&#8243;][et_pb_contact_field field_id=&#8221;Name&#8221; field_title=&#8221;Ime i prezime&#8221; _builder_version=&#8221;4.16&#8243; global_colors_info=&#8221;{}&#8221; button_text_size__hover_enabled=&#8221;off&#8221; button_one_text_size__hover_enabled=&#8221;off&#8221; button_two_text_size__hover_enabled=&#8221;off&#8221; button_text_color__hover_enabled=&#8221;off&#8221; button_one_text_color__hover_enabled=&#8221;off&#8221; button_two_text_color__hover_enabled=&#8221;off&#8221; button_border_width__hover_enabled=&#8221;off&#8221; button_one_border_width__hover_enabled=&#8221;off&#8221; button_two_border_width__hover_enabled=&#8221;off&#8221; button_border_color__hover_enabled=&#8221;off&#8221; button_one_border_color__hover_enabled=&#8221;off&#8221; button_two_border_color__hover_enabled=&#8221;off&#8221; button_border_radius__hover_enabled=&#8221;off&#8221; button_one_border_radius__hover_enabled=&#8221;off&#8221; button_two_border_radius__hover_enabled=&#8221;off&#8221; button_letter_spacing__hover_enabled=&#8221;off&#8221; button_one_letter_spacing__hover_enabled=&#8221;off&#8221; button_two_letter_spacing__hover_enabled=&#8221;off&#8221; button_bg_color__hover_enabled=&#8221;off&#8221; button_one_bg_color__hover_enabled=&#8221;off&#8221; button_two_bg_color__hover_enabled=&#8221;off&#8221;][\/et_pb_contact_field][et_pb_contact_field field_id=&#8221;Email&#8221; field_title=&#8221;Email adresa&#8221; field_type=&#8221;email&#8221; _builder_version=&#8221;4.16&#8243; global_colors_info=&#8221;{}&#8221; button_text_size__hover_enabled=&#8221;off&#8221; button_one_text_size__hover_enabled=&#8221;off&#8221; button_two_text_size__hover_enabled=&#8221;off&#8221; button_text_color__hover_enabled=&#8221;off&#8221; button_one_text_color__hover_enabled=&#8221;off&#8221; button_two_text_color__hover_enabled=&#8221;off&#8221; button_border_width__hover_enabled=&#8221;off&#8221; button_one_border_width__hover_enabled=&#8221;off&#8221; button_two_border_width__hover_enabled=&#8221;off&#8221; button_border_color__hover_enabled=&#8221;off&#8221; button_one_border_color__hover_enabled=&#8221;off&#8221; button_two_border_color__hover_enabled=&#8221;off&#8221; button_border_radius__hover_enabled=&#8221;off&#8221; button_one_border_radius__hover_enabled=&#8221;off&#8221; button_two_border_radius__hover_enabled=&#8221;off&#8221; button_letter_spacing__hover_enabled=&#8221;off&#8221; button_one_letter_spacing__hover_enabled=&#8221;off&#8221; button_two_letter_spacing__hover_enabled=&#8221;off&#8221; button_bg_color__hover_enabled=&#8221;off&#8221; button_one_bg_color__hover_enabled=&#8221;off&#8221; button_two_bg_color__hover_enabled=&#8221;off&#8221;][\/et_pb_contact_field][et_pb_contact_field field_id=&#8221;datte_arrival&#8221; field_title=&#8221;Datum doga\u0111aja&#8221; _builder_version=&#8221;4.16&#8243; global_colors_info=&#8221;{}&#8221; button_text_size__hover_enabled=&#8221;off&#8221; button_one_text_size__hover_enabled=&#8221;off&#8221; button_two_text_size__hover_enabled=&#8221;off&#8221; button_text_color__hover_enabled=&#8221;off&#8221; button_one_text_color__hover_enabled=&#8221;off&#8221; button_two_text_color__hover_enabled=&#8221;off&#8221; button_border_width__hover_enabled=&#8221;off&#8221; button_one_border_width__hover_enabled=&#8221;off&#8221; button_two_border_width__hover_enabled=&#8221;off&#8221; button_border_color__hover_enabled=&#8221;off&#8221; button_one_border_color__hover_enabled=&#8221;off&#8221; button_two_border_color__hover_enabled=&#8221;off&#8221; button_border_radius__hover_enabled=&#8221;off&#8221; button_one_border_radius__hover_enabled=&#8221;off&#8221; button_two_border_radius__hover_enabled=&#8221;off&#8221; button_letter_spacing__hover_enabled=&#8221;off&#8221; button_one_letter_spacing__hover_enabled=&#8221;off&#8221; button_two_letter_spacing__hover_enabled=&#8221;off&#8221; button_bg_color__hover_enabled=&#8221;off&#8221; button_one_bg_color__hover_enabled=&#8221;off&#8221; button_two_bg_color__hover_enabled=&#8221;off&#8221;][\/et_pb_contact_field][et_pb_contact_field field_id=&#8221;date-departure&#8221; field_title=&#8221;Vrsta doga\u0111aja&#8221; field_type=&#8221;select&#8221; select_options=&#8221;%91{%22value%22:%221-2 sata%22,%22checked%22:0,%22dragID%22:-1},{%22value%22:%22Poludnevni najam (do 6 sati)%22,%22checked%22:0,%22dragID%22:0},{%22value%22:%22Cjelodnevni najam%22,%22checked%22:0,%22dragID%22:1},{%22value%22:%22Vjen\u010danje%22,%22checked%22:0,%22dragID%22:2},{%22value%22:%22Poslovni doga\u0111aj%22,%22checked%22:0,%22dragID%22:3},{%22value%22:%22Osobna proslava%22,%22checked%22:0,%22dragID%22:4}%93&#8243; _builder_version=&#8221;4.27.4&#8243; hover_enabled=&#8221;0&#8243; global_colors_info=&#8221;{}&#8221; button_text_size__hover_enabled=&#8221;off&#8221; button_one_text_size__hover_enabled=&#8221;off&#8221; button_two_text_size__hover_enabled=&#8221;off&#8221; button_text_color__hover_enabled=&#8221;off&#8221; button_one_text_color__hover_enabled=&#8221;off&#8221; button_two_text_color__hover_enabled=&#8221;off&#8221; button_border_width__hover_enabled=&#8221;off&#8221; button_one_border_width__hover_enabled=&#8221;off&#8221; button_two_border_width__hover_enabled=&#8221;off&#8221; button_border_color__hover_enabled=&#8221;off&#8221; button_one_border_color__hover_enabled=&#8221;off&#8221; button_two_border_color__hover_enabled=&#8221;off&#8221; button_border_radius__hover_enabled=&#8221;off&#8221; button_one_border_radius__hover_enabled=&#8221;off&#8221; button_two_border_radius__hover_enabled=&#8221;off&#8221; button_letter_spacing__hover_enabled=&#8221;off&#8221; button_one_letter_spacing__hover_enabled=&#8221;off&#8221; button_two_letter_spacing__hover_enabled=&#8221;off&#8221; button_bg_color__hover_enabled=&#8221;off&#8221; button_one_bg_color__hover_enabled=&#8221;off&#8221; button_two_bg_color__hover_enabled=&#8221;off&#8221; sticky_enabled=&#8221;0&#8243;][\/et_pb_contact_field][et_pb_contact_field field_id=&#8221;Message&#8221; field_title=&#8221;Opi\u0161ite svoj doga\u0111aj&#8221; field_type=&#8221;text&#8221; fullwidth_field=&#8221;on&#8221; _builder_version=&#8221;4.16&#8243; global_colors_info=&#8221;{}&#8221; button_text_size__hover_enabled=&#8221;off&#8221; button_one_text_size__hover_enabled=&#8221;off&#8221; button_two_text_size__hover_enabled=&#8221;off&#8221; button_text_color__hover_enabled=&#8221;off&#8221; button_one_text_color__hover_enabled=&#8221;off&#8221; button_two_text_color__hover_enabled=&#8221;off&#8221; button_border_width__hover_enabled=&#8221;off&#8221; button_one_border_width__hover_enabled=&#8221;off&#8221; button_two_border_width__hover_enabled=&#8221;off&#8221; button_border_color__hover_enabled=&#8221;off&#8221; button_one_border_color__hover_enabled=&#8221;off&#8221; button_two_border_color__hover_enabled=&#8221;off&#8221; button_border_radius__hover_enabled=&#8221;off&#8221; button_one_border_radius__hover_enabled=&#8221;off&#8221; button_two_border_radius__hover_enabled=&#8221;off&#8221; button_letter_spacing__hover_enabled=&#8221;off&#8221; button_one_letter_spacing__hover_enabled=&#8221;off&#8221; button_two_letter_spacing__hover_enabled=&#8221;off&#8221; button_bg_color__hover_enabled=&#8221;off&#8221; button_one_bg_color__hover_enabled=&#8221;off&#8221; button_two_bg_color__hover_enabled=&#8221;off&#8221;][\/et_pb_contact_field][et_pb_contact_field field_id=&#8221;Field_8&#8243; field_title=&#8221;GDPR&#8221; field_type=&#8221;checkbox&#8221; checkbox_options=&#8221;%91{%22value%22:%22Slanjem obrasca sla\u017eete se s Op\u0107im uvjetima kori\u0161tenja i Politikom privatnosti, koje ste pro\u010ditali u kategoriji %92%22Politika privatnosti%92%22. Slanjem obrasca sla\u017eete se da mo\u017eemo koristiti va\u0161e osobne podatke samo kako bismo odgovorili na va\u0161 zahtjev.%22,%22checked%22:0,%22dragID%22:-1}%93&#8243; fullwidth_field=&#8221;on&#8221; _builder_version=&#8221;4.16&#8243; _module_preset=&#8221;default&#8221; global_colors_info=&#8221;{}&#8221;][\/et_pb_contact_field][\/et_pb_contact_form][\/et_pb_column][\/et_pb_row][\/et_pb_section]<\/p>\n","protected":false},"excerpt":{"rendered":"<p>First mentioned in 1444, the Mokrice Castle stands on slightly elevated ground on the hillsides of Gorjanci where they descend into the Sava Valley, close to the border with Croatia near the Jesenice<\/p>\n","protected":false},"author":1,"featured_media":312,"parent":0,"menu_order":0,"comment_status":"closed","ping_status":"closed","template":"","meta":{"_et_pb_use_builder":"on","_et_pb_old_content":"","_et_gb_content_width":"","footnotes":""},"class_list":["post-359","page","type-page","status-publish","has-post-thumbnail","hentry"],"_links":{"self":[{"href":"https:\/\/mokrice-castle.com\/hr\/wp-json\/wp\/v2\/pages\/359","targetHints":{"allow":["GET"]}}],"collection":[{"href":"https:\/\/mokrice-castle.com\/hr\/wp-json\/wp\/v2\/pages"}],"about":[{"href":"https:\/\/mokrice-castle.com\/hr\/wp-json\/wp\/v2\/types\/page"}],"author":[{"embeddable":true,"href":"https:\/\/mokrice-castle.com\/hr\/wp-json\/wp\/v2\/users\/1"}],"replies":[{"embeddable":true,"href":"https:\/\/mokrice-castle.com\/hr\/wp-json\/wp\/v2\/comments?post=359"}],"version-history":[{"count":0,"href":"https:\/\/mokrice-castle.com\/hr\/wp-json\/wp\/v2\/pages\/359\/revisions"}],"wp:featuredmedia":[{"embeddable":true,"href":"https:\/\/mokrice-castle.com\/hr\/wp-json\/wp\/v2\/media\/312"}],"wp:attachment":[{"href":"https:\/\/mokrice-castle.com\/hr\/wp-json\/wp\/v2\/media?parent=359"}],"curies":[{"name":"wp","href":"https:\/\/api.w.org\/{rel}","templated":true}]}}