{"id":170,"date":"2022-02-09T09:48:43","date_gmt":"2022-02-09T09:48:43","guid":{"rendered":"https:\/\/mokrice-castle.com\/si\/?page_id=170"},"modified":"2026-03-14T22:13:59","modified_gmt":"2026-03-14T22:13:59","slug":"restavracija","status":"publish","type":"page","link":"https:\/\/mokrice-castle.com\/si\/restavracija\/","title":{"rendered":"Restavracija 1444"},"content":{"rendered":"<p>[et_pb_section fb_built=&#8221;1&#8243; admin_label=&#8221;Work&#8221; _builder_version=&#8221;4.16&#8243; background_enable_image=&#8221;off&#8221; background_size=&#8221;initial&#8221; background_repeat=&#8221;repeat&#8221; global_colors_info=&#8221;{}&#8221;][et_pb_row column_structure=&#8221;2_3,1_3&#8243; custom_padding_last_edited=&#8221;off|phone&#8221; _builder_version=&#8221;4.16&#8243; background_position=&#8221;bottom_center&#8221; custom_padding_tablet=&#8221;17vw||17vw||false&#8221; use_custom_width=&#8221;on&#8221; width_unit=&#8221;off&#8221; custom_width_percent=&#8221;100%&#8221; locked=&#8221;off&#8221; global_colors_info=&#8221;{}&#8221;][et_pb_column type=&#8221;2_3&#8243; _builder_version=&#8221;4.16&#8243; custom_padding=&#8221;|||&#8221; global_colors_info=&#8221;{}&#8221; custom_padding__hover=&#8221;|||&#8221;][et_pb_text _builder_version=&#8221;4.16&#8243; text_font=&#8221;||||||||&#8221; header_font=&#8221;||||||||&#8221; header_2_font=&#8221;Prata|500|||||||&#8221; header_2_text_align=&#8221;center&#8221; header_2_font_size=&#8221;56px&#8221; header_2_line_height=&#8221;1.3em&#8221; header_3_font=&#8221;|700||on|||||&#8221; header_3_text_align=&#8221;center&#8221; header_3_text_color=&#8221;rgba(0,0,0,0.35)&#8221; header_3_font_size=&#8221;12px&#8221; header_3_letter_spacing=&#8221;5px&#8221; header_3_line_height=&#8221;2em&#8221; transform_translate_linked=&#8221;off&#8221; max_width=&#8221;700px&#8221; max_width_tablet=&#8221;70%&#8221; max_width_last_edited=&#8221;off|phone&#8221; module_alignment=&#8221;center&#8221; custom_margin=&#8221;33px|||||&#8221; header_2_font_size_tablet=&#8221;40px&#8221; header_2_font_size_phone=&#8221;26px&#8221; header_2_font_size_last_edited=&#8221;on|tablet&#8221; header_3_font_size_phone=&#8221;10px&#8221; header_3_font_size_last_edited=&#8221;off|desktop&#8221; module_alignment_last_edited=&#8221;off|desktop&#8221; global_colors_info=&#8221;{}&#8221;]<\/p>\n<h2>Restavracija 1444<\/h2>\n<p>[\/et_pb_text][\/et_pb_column][et_pb_column type=&#8221;1_3&#8243; _builder_version=&#8221;4.16&#8243; custom_padding=&#8221;|||&#8221; global_colors_info=&#8221;{}&#8221; custom_padding__hover=&#8221;|||&#8221;][\/et_pb_column][\/et_pb_row][\/et_pb_section][et_pb_section fb_built=&#8221;1&#8243; _builder_version=&#8221;4.16&#8243; _module_preset=&#8221;default&#8221; custom_margin=&#8221;||50px||false|false&#8221; custom_padding=&#8221;3px||3px|||&#8221; global_colors_info=&#8221;{}&#8221;][et_pb_row column_structure=&#8221;1_4,1_4,1_4,1_4&#8243; use_custom_gutter=&#8221;on&#8221; gutter_width=&#8221;1&#8243; make_equal=&#8221;on&#8221; _builder_version=&#8221;4.26.1&#8243; _module_preset=&#8221;default&#8221; width=&#8221;100%&#8221; max_width=&#8221;2000px&#8221; min_height=&#8221;400px&#8221; custom_margin=&#8221;0px||0px||true|false&#8221; custom_padding=&#8221;0px||0px||false|false&#8221; global_colors_info=&#8221;{}&#8221;][et_pb_column type=&#8221;1_4&#8243; _builder_version=&#8221;4.26.1&#8243; _module_preset=&#8221;default&#8221; background_image=&#8221;https:\/\/mokrice-castle.com\/si\/wp-content\/uploads\/2024\/07\/MOKRICE-1444-01-scaled.jpg&#8221; custom_padding=&#8221;20px|20px|20px|20px|true|true&#8221; global_colors_info=&#8221;{}&#8221;][et_pb_text _builder_version=&#8221;4.16&#8243; _module_preset=&#8221;default&#8221; min_height=&#8221;300px&#8221; global_colors_info=&#8221;{}&#8221;][\/et_pb_text][\/et_pb_column][et_pb_column type=&#8221;1_4&#8243; _builder_version=&#8221;4.26.1&#8243; _module_preset=&#8221;default&#8221; background_image=&#8221;https:\/\/mokrice-castle.com\/si\/wp-content\/uploads\/2024\/07\/MOKRICE-1444-04-scaled.jpg&#8221; custom_padding=&#8221;20px|20px|20px|20px|true|true&#8221; global_colors_info=&#8221;{}&#8221;][et_pb_text _builder_version=&#8221;4.16&#8243; _module_preset=&#8221;default&#8221; min_height=&#8221;300px&#8221; global_colors_info=&#8221;{}&#8221;][\/et_pb_text][\/et_pb_column][et_pb_column type=&#8221;1_4&#8243; _builder_version=&#8221;4.16&#8243; _module_preset=&#8221;default&#8221; background_color=&#8221;#000000&#8243; custom_padding=&#8221;20px|20px|20px|20px|true|true&#8221; global_colors_info=&#8221;{}&#8221;][et_pb_text _builder_version=&#8221;4.16&#8243; text_font=&#8221;||||||||&#8221; header_font=&#8221;||||||||&#8221; header_2_font=&#8221;Prata|500|||||||&#8221; header_2_text_align=&#8221;left&#8221; header_2_font_size=&#8221;41px&#8221; header_2_line_height=&#8221;1.3em&#8221; header_3_font=&#8221;|700||on|||||&#8221; header_3_text_align=&#8221;left&#8221; header_3_text_color=&#8221;#FFFFFF&#8221; header_3_font_size=&#8221;15px&#8221; header_3_letter_spacing=&#8221;2px&#8221; header_3_line_height=&#8221;1.9em&#8221; transform_translate_linked=&#8221;off&#8221; background_layout=&#8221;dark&#8221; max_width=&#8221;700px&#8221; max_width_tablet=&#8221;70%&#8221; max_width_last_edited=&#8221;off|phone&#8221; module_alignment=&#8221;center&#8221; custom_margin=&#8221;||32px||false|false&#8221; custom_padding=&#8221;70px||||false|false&#8221; header_2_font_size_tablet=&#8221;40px&#8221; header_2_font_size_phone=&#8221;26px&#8221; header_2_font_size_last_edited=&#8221;on|tablet&#8221; header_3_font_size_phone=&#8221;10px&#8221; header_3_font_size_last_edited=&#8221;off|desktop&#8221; module_alignment_last_edited=&#8221;off|desktop&#8221; global_colors_info=&#8221;{}&#8221;]<\/p>\n<h3><span>GRAJSKA KULINARIKA\u00a0<\/span><\/h3>\n<p>Dobrodo\u0161li v novi restavraciji na gradu Mokrice, ki veli\u010dastno o\u010dara prav vsakega obiskovalca \u017ee od leta 1444.<\/p>\n<p>[\/et_pb_text][\/et_pb_column][et_pb_column type=&#8221;1_4&#8243; _builder_version=&#8221;4.26.1&#8243; _module_preset=&#8221;default&#8221; background_image=&#8221;https:\/\/mokrice-castle.com\/si\/wp-content\/uploads\/2024\/07\/MOKRICE-1444-06-scaled.jpg&#8221; custom_padding=&#8221;20px|20px|20px|20px|true|true&#8221; global_colors_info=&#8221;{}&#8221;][et_pb_text _builder_version=&#8221;4.16&#8243; _module_preset=&#8221;default&#8221; min_height=&#8221;300px&#8221; global_colors_info=&#8221;{}&#8221;][\/et_pb_text][\/et_pb_column][\/et_pb_row][et_pb_row column_structure=&#8221;3_5,2_5&#8243; custom_padding_last_edited=&#8221;off|phone&#8221; _builder_version=&#8221;4.16&#8243; background_position=&#8221;bottom_center&#8221; custom_padding_tablet=&#8221;17vw||17vw||false&#8221; use_custom_width=&#8221;on&#8221; width_unit=&#8221;off&#8221; custom_width_percent=&#8221;100%&#8221; locked=&#8221;off&#8221; global_colors_info=&#8221;{}&#8221;][et_pb_column type=&#8221;3_5&#8243; _builder_version=&#8221;4.16&#8243; custom_padding=&#8221;|||&#8221; global_colors_info=&#8221;{}&#8221; custom_padding__hover=&#8221;|||&#8221;][et_pb_text _builder_version=&#8221;4.16&#8243; text_font=&#8221;||||||||&#8221; header_font=&#8221;||||||||&#8221; header_2_font=&#8221;Prata|500|||||||&#8221; header_2_text_align=&#8221;center&#8221; header_2_font_size=&#8221;56px&#8221; header_2_line_height=&#8221;1.3em&#8221; header_3_font=&#8221;|700||on|||||&#8221; header_3_text_align=&#8221;center&#8221; header_3_text_color=&#8221;rgba(0,0,0,0.35)&#8221; header_3_font_size=&#8221;12px&#8221; header_3_letter_spacing=&#8221;5px&#8221; header_3_line_height=&#8221;2em&#8221; transform_translate_linked=&#8221;off&#8221; max_width=&#8221;700px&#8221; max_width_tablet=&#8221;70%&#8221; max_width_last_edited=&#8221;off|phone&#8221; module_alignment=&#8221;center&#8221; header_2_font_size_tablet=&#8221;40px&#8221; header_2_font_size_phone=&#8221;26px&#8221; header_2_font_size_last_edited=&#8221;on|tablet&#8221; header_3_font_size_phone=&#8221;10px&#8221; header_3_font_size_last_edited=&#8221;off|desktop&#8221; module_alignment_last_edited=&#8221;off|desktop&#8221; global_colors_info=&#8221;{}&#8221;][\/et_pb_text][et_pb_text _builder_version=&#8221;4.16&#8243; text_font=&#8221;||||||||&#8221; text_text_color=&#8221;#000000&#8243; text_line_height=&#8221;1.8em&#8221; header_font=&#8221;||||||||&#8221; header_2_font=&#8221;Prata|500|||||||&#8221; header_2_text_align=&#8221;center&#8221; header_2_font_size=&#8221;56px&#8221; header_2_line_height=&#8221;1.3em&#8221; header_3_font=&#8221;|700||on|||||&#8221; header_3_text_align=&#8221;center&#8221; header_3_text_color=&#8221;rgba(0,0,0,0.35)&#8221; header_3_font_size=&#8221;12px&#8221; header_3_letter_spacing=&#8221;5px&#8221; header_3_line_height=&#8221;2em&#8221; transform_translate_linked=&#8221;off&#8221; max_width=&#8221;700px&#8221; max_width_tablet=&#8221;70%&#8221; max_width_last_edited=&#8221;off|phone&#8221; module_alignment=&#8221;center&#8221; custom_padding=&#8221;8px|||||&#8221; header_2_font_size_tablet=&#8221;40px&#8221; header_2_font_size_phone=&#8221;26px&#8221; header_2_font_size_last_edited=&#8221;on|tablet&#8221; header_3_font_size_phone=&#8221;10px&#8221; header_3_font_size_last_edited=&#8221;off|desktop&#8221; module_alignment_last_edited=&#8221;off|desktop&#8221; global_colors_info=&#8221;{}&#8221;]<\/p>\n<p><span>Restavracija 1444, ki se nahaja znotraj o\u010darljivega gradu Mokrice, vas vabi, da se prepustite kulinari\u010dnemu do\u017eivetju. Potopite se v osupljivo okolje, medtem ko u\u017eivate v na\u0161em izvrstnem \u00e0 la carte meniju, ki vklju\u010duje \u010dudovit izbor kosil, ve\u010derij ter sladkih in slanih prigrizkov, ki se jim ni mogo\u010de upreti.<\/span><\/p>\n<p><span>Vsaka jed je skrbno pripravljena z najbolj\u0161imi lokalnimi sestavinami, ki\u00a0 odra\u017eajo bogato dedi\u0161\u010dino Slovenije. Ne glede na to, ali i\u0161\u010dete romanti\u010dno ve\u010derjo ali prijetno kosilo, na\u0161e elegantno okolje in skrbna postre\u017eba obljubljata, da bo va\u0161 obisk resni\u010dno nepozaben.<\/span><\/p>\n<p><span>Pridru\u017eite se nam v Restavraciji 1444 in odkrijte kulinari\u010dno izku\u0161njo, ki \u010dudovito zdru\u017euje tradicijo z inovativnostjo, vse v dih jemajo\u010dem ozadju enega najlep\u0161ih slovenskih gradov. <\/span><\/p>\n<p>[\/et_pb_text][et_pb_text _builder_version=&#8221;4.27.5&#8243; _module_preset=&#8221;default&#8221; text_text_color=&#8221;#FFFFFF&#8221; header_4_font=&#8221;Lato||||||||&#8221; header_4_text_color=&#8221;#FFFFFF&#8221; header_4_font_size=&#8221;17px&#8221; background_color=&#8221;#000000&#8243; custom_padding=&#8221;20px|20px|10px|20px|false|true&#8221; locked=&#8221;off&#8221; global_colors_info=&#8221;{}&#8221;]<\/p>\n<div>\n<div>Vabljeni na grajske gri\u017eljaje v Restavracijo 1444:<\/div>\n<div>od torka do sobote: 12.00-21.00<\/div>\n<div>nedelja: 12.00-18.00<\/div>\n<div>ponedeljek: zaprto<\/div>\n<div><\/div>\n<div>Povpra\u0161evanja sprejemamo na<span>\u00a0<\/span><a href=\"mailto:mokrice@terme-catez.si\" target=\"_blank\" rel=\"noopener\">mokrice@terme-catez.si<\/a><span>\u00a0<\/span>ali na 051 607 687.<\/div>\n<\/div>\n<div><\/div>\n<p>[\/et_pb_text][\/et_pb_column][et_pb_column type=&#8221;2_5&#8243; _builder_version=&#8221;4.16&#8243; custom_padding=&#8221;|||&#8221; global_colors_info=&#8221;{}&#8221; custom_padding__hover=&#8221;|||&#8221;][et_pb_image src=&#8221;https:\/\/mokrice-castle.com\/si\/wp-content\/uploads\/2024\/07\/1444-restaurant-GradMokrice-logo-alternativni.png&#8221; title_text=&#8221;1444-restaurant-GradMokrice-logo-alternativni&#8221; align=&#8221;center&#8221; _builder_version=&#8221;4.26.1&#8243; _module_preset=&#8221;default&#8221; width=&#8221;50%&#8221; custom_padding=&#8221;37px|||||&#8221; global_colors_info=&#8221;{}&#8221;][\/et_pb_image][et_pb_button button_url=&#8221;https:\/\/mokrice-castle.com\/si\/wp-content\/uploads\/2026\/03\/MOKRICE-MENU-2026-WEB-SLO-FINAL.pdf&#8221; button_text=&#8221;A&#8217;LA CARTE MENU&#8221; button_alignment=&#8221;center&#8221; button_alignment_tablet=&#8221;center&#8221; button_alignment_phone=&#8221;&#8221; button_alignment_last_edited=&#8221;on|phone&#8221; _builder_version=&#8221;4.27.6&#8243; custom_button=&#8221;on&#8221; button_text_size=&#8221;14px&#8221; button_text_color=&#8221;#ffffff&#8221; button_bg_color=&#8221;#000000&#8243; button_border_width=&#8221;2px&#8221; button_border_color=&#8221;rgba(0,0,0,0)&#8221; button_border_radius=&#8221;0px&#8221; button_font=&#8221;|700|||||||&#8221; custom_margin=&#8221;20px||||false|false&#8221; custom_margin_tablet=&#8221;|0px||&#8221; custom_margin_phone=&#8221;|0px||&#8221; custom_margin_last_edited=&#8221;on|tablet&#8221; custom_padding=&#8221;14px|48px|14px|48px|true|true&#8221; hover_enabled=&#8221;0&#8243; locked=&#8221;off&#8221; global_colors_info=&#8221;{}&#8221; sticky_enabled=&#8221;0&#8243;][\/et_pb_button][\/et_pb_column][\/et_pb_row][\/et_pb_section][et_pb_section fb_built=&#8221;1&#8243; _builder_version=&#8221;4.17.6&#8243; _module_preset=&#8221;default&#8221; custom_margin=&#8221;0px||||false|false&#8221; custom_padding=&#8221;0px||||false|false&#8221; global_colors_info=&#8221;{}&#8221;][et_pb_row use_custom_gutter=&#8221;on&#8221; gutter_width=&#8221;1&#8243; _builder_version=&#8221;4.26.1&#8243; _module_preset=&#8221;default&#8221; width=&#8221;100%&#8221; max_width=&#8221;2000px&#8221; custom_margin=&#8221;0px||||false|false&#8221; custom_padding=&#8221;0px||||false|false&#8221; global_colors_info=&#8221;{}&#8221;][et_pb_column type=&#8221;4_4&#8243; _builder_version=&#8221;4.17.6&#8243; _module_preset=&#8221;default&#8221; global_colors_info=&#8221;{}&#8221;][et_pb_gallery gallery_ids=&#8221;591,592,590,588,586,587,585,584,581&#8243; posts_number=&#8221;8&#8243; orientation=&#8221;portrait&#8221; show_title_and_caption=&#8221;off&#8221; show_pagination=&#8221;off&#8221; _builder_version=&#8221;4.26.1&#8243; _module_preset=&#8221;default&#8221; global_colors_info=&#8221;{}&#8221;][\/et_pb_gallery][\/et_pb_column][\/et_pb_row][\/et_pb_section]<\/p>\n","protected":false},"excerpt":{"rendered":"<p>Forest is cool. It\u2019s the most magical place that relaxes you just when you need it most. Castle is pure inspiration. The combination of those two will make your dreams come true on a simple lunch. <\/p>\n","protected":false},"author":1,"featured_media":48,"parent":0,"menu_order":0,"comment_status":"closed","ping_status":"closed","template":"","meta":{"_et_pb_use_builder":"on","_et_pb_old_content":"","_et_gb_content_width":"","footnotes":""},"class_list":["post-170","page","type-page","status-publish","has-post-thumbnail","hentry"],"yoast_head":"<!-- This site is optimized with the Yoast SEO plugin v26.9 - https:\/\/yoast.com\/product\/yoast-seo-wordpress\/ -->\n<title>Restavracija 1444<\/title>\n<meta name=\"description\" content=\"Nova Restavracija 1444 ponuja inovativne, lokalne in zdrave prigrizke, burgerje, kosila in ve\u010derje na modern na\u010din, s \u010dudovitim pogledom na grajsko in golf posestev.\" \/>\n<meta name=\"robots\" content=\"index, follow, max-snippet:-1, max-image-preview:large, max-video-preview:-1\" \/>\n<link rel=\"canonical\" href=\"https:\/\/mokrice-castle.com\/si\/restavracija\/\" \/>\n<meta property=\"og:locale\" content=\"en_US\" \/>\n<meta property=\"og:type\" content=\"article\" \/>\n<meta property=\"og:title\" content=\"Restavracija 1444\" \/>\n<meta property=\"og:description\" content=\"Nova Restavracija 1444 ponuja inovativne, lokalne in zdrave prigrizke, burgerje, kosila in ve\u010derje na modern na\u010din, s \u010dudovitim pogledom na grajsko in golf posestev.\" \/>\n<meta property=\"og:url\" content=\"https:\/\/mokrice-castle.com\/si\/restavracija\/\" \/>\n<meta property=\"og:site_name\" content=\"Mokrice Castle\" \/>\n<meta property=\"article:modified_time\" content=\"2026-03-14T22:13:59+00:00\" \/>\n<meta property=\"og:image\" content=\"https:\/\/mokrice-castle.com\/si\/wp-content\/uploads\/2022\/01\/MOKRICE9576-scaled.jpg\" \/>\n\t<meta property=\"og:image:width\" content=\"2560\" \/>\n\t<meta property=\"og:image:height\" content=\"1706\" \/>\n\t<meta property=\"og:image:type\" content=\"image\/jpeg\" \/>\n<meta name=\"twitter:card\" content=\"summary_large_image\" \/>\n<meta name=\"twitter:label1\" content=\"Est. reading time\" \/>\n\t<meta name=\"twitter:data1\" content=\"3 minutes\" \/>\n<script type=\"application\/ld+json\" class=\"yoast-schema-graph\">{\"@context\":\"https:\/\/schema.org\",\"@graph\":[{\"@type\":\"WebPage\",\"@id\":\"https:\/\/mokrice-castle.com\/si\/restavracija\/\",\"url\":\"https:\/\/mokrice-castle.com\/si\/restavracija\/\",\"name\":\"Restavracija 1444\",\"isPartOf\":{\"@id\":\"https:\/\/mokrice-castle.com\/si\/#website\"},\"primaryImageOfPage\":{\"@id\":\"https:\/\/mokrice-castle.com\/si\/restavracija\/#primaryimage\"},\"image\":{\"@id\":\"https:\/\/mokrice-castle.com\/si\/restavracija\/#primaryimage\"},\"thumbnailUrl\":\"https:\/\/mokrice-castle.com\/si\/wp-content\/uploads\/2022\/01\/MOKRICE9576-scaled.jpg\",\"datePublished\":\"2022-02-09T09:48:43+00:00\",\"dateModified\":\"2026-03-14T22:13:59+00:00\",\"description\":\"Nova Restavracija 1444 ponuja inovativne, lokalne in zdrave prigrizke, burgerje, kosila in ve\u010derje na modern na\u010din, s \u010dudovitim pogledom na grajsko in golf posestev.\",\"breadcrumb\":{\"@id\":\"https:\/\/mokrice-castle.com\/si\/restavracija\/#breadcrumb\"},\"inLanguage\":\"en-US\",\"potentialAction\":[{\"@type\":\"ReadAction\",\"target\":[\"https:\/\/mokrice-castle.com\/si\/restavracija\/\"]}]},{\"@type\":\"ImageObject\",\"inLanguage\":\"en-US\",\"@id\":\"https:\/\/mokrice-castle.com\/si\/restavracija\/#primaryimage\",\"url\":\"https:\/\/mokrice-castle.com\/si\/wp-content\/uploads\/2022\/01\/MOKRICE9576-scaled.jpg\",\"contentUrl\":\"https:\/\/mokrice-castle.com\/si\/wp-content\/uploads\/2022\/01\/MOKRICE9576-scaled.jpg\",\"width\":2560,\"height\":1706},{\"@type\":\"BreadcrumbList\",\"@id\":\"https:\/\/mokrice-castle.com\/si\/restavracija\/#breadcrumb\",\"itemListElement\":[{\"@type\":\"ListItem\",\"position\":1,\"name\":\"Home\",\"item\":\"https:\/\/mokrice-castle.com\/si\/\"},{\"@type\":\"ListItem\",\"position\":2,\"name\":\"Restavracija 1444\"}]},{\"@type\":\"WebSite\",\"@id\":\"https:\/\/mokrice-castle.com\/si\/#website\",\"url\":\"https:\/\/mokrice-castle.com\/si\/\",\"name\":\"Mokrice Castle\",\"description\":\"Slovenia \",\"potentialAction\":[{\"@type\":\"SearchAction\",\"target\":{\"@type\":\"EntryPoint\",\"urlTemplate\":\"https:\/\/mokrice-castle.com\/si\/?s={search_term_string}\"},\"query-input\":{\"@type\":\"PropertyValueSpecification\",\"valueRequired\":true,\"valueName\":\"search_term_string\"}}],\"inLanguage\":\"en-US\"}]}<\/script>\n<!-- \/ Yoast SEO plugin. -->","yoast_head_json":{"title":"Restavracija 1444","description":"Nova Restavracija 1444 ponuja inovativne, lokalne in zdrave prigrizke, burgerje, kosila in ve\u010derje na modern na\u010din, s \u010dudovitim pogledom na grajsko in golf posestev.","robots":{"index":"index","follow":"follow","max-snippet":"max-snippet:-1","max-image-preview":"max-image-preview:large","max-video-preview":"max-video-preview:-1"},"canonical":"https:\/\/mokrice-castle.com\/si\/restavracija\/","og_locale":"en_US","og_type":"article","og_title":"Restavracija 1444","og_description":"Nova Restavracija 1444 ponuja inovativne, lokalne in zdrave prigrizke, burgerje, kosila in ve\u010derje na modern na\u010din, s \u010dudovitim pogledom na grajsko in golf posestev.","og_url":"https:\/\/mokrice-castle.com\/si\/restavracija\/","og_site_name":"Mokrice Castle","article_modified_time":"2026-03-14T22:13:59+00:00","og_image":[{"width":2560,"height":1706,"url":"https:\/\/mokrice-castle.com\/si\/wp-content\/uploads\/2022\/01\/MOKRICE9576-scaled.jpg","type":"image\/jpeg"}],"twitter_card":"summary_large_image","twitter_misc":{"Est. reading time":"3 minutes"},"schema":{"@context":"https:\/\/schema.org","@graph":[{"@type":"WebPage","@id":"https:\/\/mokrice-castle.com\/si\/restavracija\/","url":"https:\/\/mokrice-castle.com\/si\/restavracija\/","name":"Restavracija 1444","isPartOf":{"@id":"https:\/\/mokrice-castle.com\/si\/#website"},"primaryImageOfPage":{"@id":"https:\/\/mokrice-castle.com\/si\/restavracija\/#primaryimage"},"image":{"@id":"https:\/\/mokrice-castle.com\/si\/restavracija\/#primaryimage"},"thumbnailUrl":"https:\/\/mokrice-castle.com\/si\/wp-content\/uploads\/2022\/01\/MOKRICE9576-scaled.jpg","datePublished":"2022-02-09T09:48:43+00:00","dateModified":"2026-03-14T22:13:59+00:00","description":"Nova Restavracija 1444 ponuja inovativne, lokalne in zdrave prigrizke, burgerje, kosila in ve\u010derje na modern na\u010din, s \u010dudovitim pogledom na grajsko in golf posestev.","breadcrumb":{"@id":"https:\/\/mokrice-castle.com\/si\/restavracija\/#breadcrumb"},"inLanguage":"en-US","potentialAction":[{"@type":"ReadAction","target":["https:\/\/mokrice-castle.com\/si\/restavracija\/"]}]},{"@type":"ImageObject","inLanguage":"en-US","@id":"https:\/\/mokrice-castle.com\/si\/restavracija\/#primaryimage","url":"https:\/\/mokrice-castle.com\/si\/wp-content\/uploads\/2022\/01\/MOKRICE9576-scaled.jpg","contentUrl":"https:\/\/mokrice-castle.com\/si\/wp-content\/uploads\/2022\/01\/MOKRICE9576-scaled.jpg","width":2560,"height":1706},{"@type":"BreadcrumbList","@id":"https:\/\/mokrice-castle.com\/si\/restavracija\/#breadcrumb","itemListElement":[{"@type":"ListItem","position":1,"name":"Home","item":"https:\/\/mokrice-castle.com\/si\/"},{"@type":"ListItem","position":2,"name":"Restavracija 1444"}]},{"@type":"WebSite","@id":"https:\/\/mokrice-castle.com\/si\/#website","url":"https:\/\/mokrice-castle.com\/si\/","name":"Mokrice Castle","description":"Slovenia ","potentialAction":[{"@type":"SearchAction","target":{"@type":"EntryPoint","urlTemplate":"https:\/\/mokrice-castle.com\/si\/?s={search_term_string}"},"query-input":{"@type":"PropertyValueSpecification","valueRequired":true,"valueName":"search_term_string"}}],"inLanguage":"en-US"}]}},"_links":{"self":[{"href":"https:\/\/mokrice-castle.com\/si\/wp-json\/wp\/v2\/pages\/170","targetHints":{"allow":["GET"]}}],"collection":[{"href":"https:\/\/mokrice-castle.com\/si\/wp-json\/wp\/v2\/pages"}],"about":[{"href":"https:\/\/mokrice-castle.com\/si\/wp-json\/wp\/v2\/types\/page"}],"author":[{"embeddable":true,"href":"https:\/\/mokrice-castle.com\/si\/wp-json\/wp\/v2\/users\/1"}],"replies":[{"embeddable":true,"href":"https:\/\/mokrice-castle.com\/si\/wp-json\/wp\/v2\/comments?post=170"}],"version-history":[{"count":0,"href":"https:\/\/mokrice-castle.com\/si\/wp-json\/wp\/v2\/pages\/170\/revisions"}],"wp:featuredmedia":[{"embeddable":true,"href":"https:\/\/mokrice-castle.com\/si\/wp-json\/wp\/v2\/media\/48"}],"wp:attachment":[{"href":"https:\/\/mokrice-castle.com\/si\/wp-json\/wp\/v2\/media?parent=170"}],"curies":[{"name":"wp","href":"https:\/\/api.w.org\/{rel}","templated":true}]}}