{"id":191,"date":"2022-02-09T10:01:37","date_gmt":"2022-02-09T10:01:37","guid":{"rendered":"https:\/\/mokrice-castle.com\/si\/?page_id=191"},"modified":"2022-05-24T14:00:05","modified_gmt":"2022-05-24T14:00:05","slug":"zgodovina","status":"publish","type":"page","link":"https:\/\/mokrice-castle.com\/si\/zgodovina\/","title":{"rendered":"Zgodovina Gradu Mokrice"},"content":{"rendered":"\n[et_pb_section fb_built=&#8221;1&#8243; admin_label=&#8221;Work&#8221; _builder_version=&#8221;4.8.1&#8243; background_enable_image=&#8221;off&#8221; background_size=&#8221;initial&#8221; background_repeat=&#8221;repeat&#8221; global_colors_info=&#8221;{}&#8221;][et_pb_row custom_padding_last_edited=&#8221;off|phone&#8221; _builder_version=&#8221;3.25&#8243; background_position=&#8221;bottom_center&#8221; custom_padding_tablet=&#8221;17vw||17vw||false&#8221; use_custom_width=&#8221;on&#8221; width_unit=&#8221;off&#8221; custom_width_percent=&#8221;100%&#8221; locked=&#8221;off&#8221; global_colors_info=&#8221;{}&#8221;][et_pb_column type=&#8221;4_4&#8243; _builder_version=&#8221;3.25&#8243; custom_padding=&#8221;|||&#8221; global_colors_info=&#8221;{}&#8221; custom_padding__hover=&#8221;|||&#8221;][et_pb_text _builder_version=&#8221;4.8.1&#8243; text_font=&#8221;||||||||&#8221; header_font=&#8221;||||||||&#8221; header_2_font=&#8221;Prata|500|||||||&#8221; header_2_text_align=&#8221;center&#8221; header_2_font_size=&#8221;56px&#8221; header_2_line_height=&#8221;1.3em&#8221; header_3_font=&#8221;|700||on|||||&#8221; header_3_text_align=&#8221;center&#8221; header_3_text_color=&#8221;rgba(0,0,0,0.35)&#8221; header_3_font_size=&#8221;12px&#8221; header_3_letter_spacing=&#8221;5px&#8221; header_3_line_height=&#8221;2em&#8221; transform_translate_linked=&#8221;off&#8221; max_width=&#8221;700px&#8221; max_width_tablet=&#8221;70%&#8221; max_width_last_edited=&#8221;off|phone&#8221; module_alignment=&#8221;center&#8221; header_2_font_size_tablet=&#8221;40px&#8221; header_2_font_size_phone=&#8221;26px&#8221; header_2_font_size_last_edited=&#8221;on|tablet&#8221; header_3_font_size_phone=&#8221;10px&#8221; header_3_font_size_last_edited=&#8221;off|desktop&#8221; module_alignment_last_edited=&#8221;off|desktop&#8221; global_colors_info=&#8221;{}&#8221;]<h3><\/h3>\n<h2>Zgodovina Gradu Mokrice<\/h2>[\/et_pb_text][et_pb_text _builder_version=&#8221;4.14.8&#8243; text_font=&#8221;||||||||&#8221; text_text_color=&#8221;#000000&#8243; text_line_height=&#8221;1.8em&#8221; header_font=&#8221;||||||||&#8221; header_2_font=&#8221;Prata|500|||||||&#8221; header_2_text_align=&#8221;center&#8221; header_2_font_size=&#8221;56px&#8221; header_2_line_height=&#8221;1.3em&#8221; header_3_font=&#8221;|700||on|||||&#8221; header_3_text_align=&#8221;center&#8221; header_3_text_color=&#8221;rgba(0,0,0,0.35)&#8221; header_3_font_size=&#8221;12px&#8221; header_3_letter_spacing=&#8221;5px&#8221; header_3_line_height=&#8221;2em&#8221; transform_translate_linked=&#8221;off&#8221; max_width=&#8221;700px&#8221; max_width_tablet=&#8221;70%&#8221; max_width_last_edited=&#8221;off|phone&#8221; module_alignment=&#8221;center&#8221; header_2_font_size_tablet=&#8221;40px&#8221; header_2_font_size_phone=&#8221;26px&#8221; header_2_font_size_last_edited=&#8221;on|tablet&#8221; header_3_font_size_phone=&#8221;10px&#8221; header_3_font_size_last_edited=&#8221;off|desktop&#8221; module_alignment_last_edited=&#8221;off|desktop&#8221; global_colors_info=&#8221;{}&#8221;]<p style=\"text-align: center;\">\u00a0 Grad Mokrice je bil prvi\u010d omenjen leta 1444, osnovne zna\u010dilnosti renesan\u010dnega gradu pa so Mokrice dobile v 16. stoletju. Zgodovino gradu zaznamujejo najdbe iz rimskega cesarstva in tur\u0161kih vpadov.<\/p>\n<p style=\"text-align: center;\">Od Bre\u017eic je oddaljen 8 km in ima burno preteklost. Na mestu, kjer danes stoji grad, je bila v rimski dobi Romulova utrdba. Tam je bil stoletja zgrajen grad, kot ga vidimo danes. Tudi on je prehajal z enega lastnika na drugega. Zadnji plemi\u010di, ki so ga imeli v lasti, so bili von Gagerni, ki so bili zaradi finan\u010dne stiske prisiljeni prodati posest pred drugo svetovno vojno, ko so grad zasedli nemci in ga po vojni nacionalizirali. Od leta 1952 se je v njem za\u010delo gostinstvo. Zdaj je grad preurejen v hotel s \u0161tirimi zvezdicami. Na 70 ha zemlji\u0161\u010da je igri\u0161\u010de za golf z 18 luknjami. Lepo ohranjen je tudi grajski most, eden redkih v Evropi, ki \u0161e ima dvi\u017eni most.<\/p>\n<p style=\"text-align: center;\">O \u017eivljenju samem in prebivalcih gradu se je ohranilo veliko zgodb. Naj na\u0161tejemo le dve: prva pripoveduje o vrani in druga o grofici Barbari.<\/p>\n<p style=\"text-align: center;\">V \u010dasu tur\u0161kih vpadov na podro\u010dju Slovenije, so na bregovih Save \u017eivele velike jate vran. Ob vpadu jih je tur\u0161ka konjenica vznemirila in so se seveda razbe\u017eale, Turki pa so nanje streljali s pu\u0161\u010dicami, saj so opozarjale na prete\u010do nevarnost. Legenda pravi, da je ena od vran, ki so jo Turki ustrelili, padla ravno na grajsko dvori\u0161\u010de s pu\u0161\u010dico v vratu in tako opozorila na bli\u017eajo\u010do se nevarnost. Gra\u0161\u010dak ji je zato namenil posebno mesto v grbu, katerega Grad Mokrice ponosno nosi \u0161e danes.<\/p>\n<p style=\"text-align: center;\">Druga zgodba pripoveduje o nesre\u010dni ljubezni grofice Barbare, ki se je \u017ealostno vrgla z enega od stolpov v globino. Duh preminule grofice naj bi \u0161e dolgo taval po gradu. Tudi velika tur\u0161ka topovska krogla, zagnana pred grajski vhod, naj bi se kar trikrat zakotalila okoli vodnjaka svete Barbare.<\/p>[\/et_pb_text][\/et_pb_column][\/et_pb_row][\/et_pb_section][et_pb_section fb_built=&#8221;1&#8243; _builder_version=&#8221;4.8.1&#8243; _module_preset=&#8221;default&#8221; custom_margin=&#8221;||50px||false|false&#8221; custom_padding=&#8221;3px||3px|||&#8221; global_colors_info=&#8221;{}&#8221;][et_pb_row column_structure=&#8221;1_4,1_4,1_4,1_4&#8243; use_custom_gutter=&#8221;on&#8221; gutter_width=&#8221;1&#8243; make_equal=&#8221;on&#8221; _builder_version=&#8221;4.8.1&#8243; _module_preset=&#8221;default&#8221; width=&#8221;100%&#8221; max_width=&#8221;2000px&#8221; min_height=&#8221;400px&#8221; custom_margin=&#8221;0px||0px||true|false&#8221; custom_padding=&#8221;0px||0px||false|false&#8221; global_colors_info=&#8221;{}&#8221;][et_pb_column type=&#8221;1_4&#8243; _builder_version=&#8221;4.8.1&#8243; _module_preset=&#8221;default&#8221; background_image=&#8221;https:\/\/mokrice-castle.com\/si\/wp-content\/uploads\/2022\/01\/l.jpeg&#8221; custom_padding=&#8221;20px|20px|20px|20px|true|true&#8221; global_colors_info=&#8221;{}&#8221;][et_pb_text _builder_version=&#8221;4.8.1&#8243; _module_preset=&#8221;default&#8221; min_height=&#8221;300px&#8221; global_colors_info=&#8221;{}&#8221;][\/et_pb_text][\/et_pb_column][et_pb_column type=&#8221;1_4&#8243; _builder_version=&#8221;4.8.1&#8243; _module_preset=&#8221;default&#8221; background_image=&#8221;https:\/\/mokrice-castle.com\/si\/wp-content\/uploads\/2022\/01\/MOKRICE10878-scaled.jpg&#8221; custom_padding=&#8221;20px|20px|20px|20px|true|true&#8221; global_colors_info=&#8221;{}&#8221;][et_pb_text _builder_version=&#8221;4.8.1&#8243; _module_preset=&#8221;default&#8221; min_height=&#8221;300px&#8221; global_colors_info=&#8221;{}&#8221;][\/et_pb_text][\/et_pb_column][et_pb_column type=&#8221;1_4&#8243; _builder_version=&#8221;4.8.1&#8243; _module_preset=&#8221;default&#8221; background_color=&#8221;#000000&#8243; custom_padding=&#8221;20px|20px|20px|20px|true|true&#8221; global_colors_info=&#8221;{}&#8221;][et_pb_text _builder_version=&#8221;4.8.1&#8243; text_font=&#8221;||||||||&#8221; header_font=&#8221;||||||||&#8221; header_2_font=&#8221;Prata|500|||||||&#8221; header_2_text_align=&#8221;left&#8221; header_2_font_size=&#8221;41px&#8221; header_2_line_height=&#8221;1.3em&#8221; header_3_font=&#8221;|700||on|||||&#8221; header_3_text_align=&#8221;left&#8221; header_3_text_color=&#8221;#FFFFFF&#8221; header_3_font_size=&#8221;15px&#8221; header_3_letter_spacing=&#8221;2px&#8221; header_3_line_height=&#8221;1.9em&#8221; transform_translate_linked=&#8221;off&#8221; background_layout=&#8221;dark&#8221; max_width=&#8221;700px&#8221; max_width_tablet=&#8221;70%&#8221; max_width_last_edited=&#8221;off|phone&#8221; module_alignment=&#8221;center&#8221; custom_margin=&#8221;||||false|false&#8221; custom_padding=&#8221;51px||||false|false&#8221; header_2_font_size_tablet=&#8221;40px&#8221; header_2_font_size_phone=&#8221;26px&#8221; header_2_font_size_last_edited=&#8221;on|tablet&#8221; header_3_font_size_phone=&#8221;10px&#8221; header_3_font_size_last_edited=&#8221;off|desktop&#8221; module_alignment_last_edited=&#8221;off|desktop&#8221; global_colors_info=&#8221;{}&#8221;]<h3 class=\"text align-\" style=\"text-align: center;\">Legenda pripoveduje, da je med tur\u0161kimi vpradi, \u010drno ptico oz. vrano prestra\u0161ila napredna tur\u0161ka vojska. Tur\u0161ki lokostrelec jo je ustrelil, vrana s pu\u0161\u010dico v vratu je padla na dvori\u0161\u010de in opozorila nevarnost ter re\u0161ila grad.<\/h3>[\/et_pb_text][\/et_pb_column][et_pb_column type=&#8221;1_4&#8243; _builder_version=&#8221;4.8.1&#8243; _module_preset=&#8221;default&#8221; background_image=&#8221;https:\/\/mokrice-castle.com\/si\/wp-content\/uploads\/2022\/02\/MOKRICE11729-scaled.jpg&#8221; custom_padding=&#8221;20px|20px|20px|20px|true|true&#8221; global_colors_info=&#8221;{}&#8221;][et_pb_text _builder_version=&#8221;4.8.1&#8243; _module_preset=&#8221;default&#8221; min_height=&#8221;300px&#8221; global_colors_info=&#8221;{}&#8221;][\/et_pb_text][\/et_pb_column][\/et_pb_row][\/et_pb_section]\n","protected":false},"excerpt":{"rendered":"<p>First mentioned in 1444, the Mokrice Castle stands on slightly elevated ground on the hillsides of Gorjanci where they descend into the Sava Valley, close to the border with Croatia near the Jesenice<\/p>\n","protected":false},"author":1,"featured_media":41,"parent":0,"menu_order":0,"comment_status":"closed","ping_status":"closed","template":"","meta":{"_et_pb_use_builder":"on","_et_pb_old_content":"","_et_gb_content_width":"","footnotes":""},"class_list":["post-191","page","type-page","status-publish","has-post-thumbnail","hentry"],"yoast_head":"<!-- This site is optimized with the Yoast SEO plugin v26.9 - https:\/\/yoast.com\/product\/yoast-seo-wordpress\/ -->\n<title>Zgodovina Gradu Mokrice - Mokrice Castle<\/title>\n<meta name=\"description\" content=\"Grad Mokrice je bil prvi\u010d omenjen leta 1444, osnovne zna\u010dilnosti renesan\u010dnega gradu pa so Mokrice dobile v 16. stoletju.\" \/>\n<meta name=\"robots\" content=\"index, follow, max-snippet:-1, max-image-preview:large, max-video-preview:-1\" \/>\n<link rel=\"canonical\" href=\"https:\/\/mokrice-castle.com\/si\/zgodovina\/\" \/>\n<meta property=\"og:locale\" content=\"en_US\" \/>\n<meta property=\"og:type\" content=\"article\" \/>\n<meta property=\"og:title\" content=\"Zgodovina Gradu Mokrice - Mokrice Castle\" \/>\n<meta property=\"og:description\" content=\"Grad Mokrice je bil prvi\u010d omenjen leta 1444, osnovne zna\u010dilnosti renesan\u010dnega gradu pa so Mokrice dobile v 16. stoletju.\" \/>\n<meta property=\"og:url\" content=\"https:\/\/mokrice-castle.com\/si\/zgodovina\/\" \/>\n<meta property=\"og:site_name\" content=\"Mokrice Castle\" \/>\n<meta property=\"article:modified_time\" content=\"2022-05-24T14:00:05+00:00\" \/>\n<meta property=\"og:image\" content=\"https:\/\/mokrice-castle.com\/si\/wp-content\/uploads\/2022\/01\/MOKRICE11583-scaled.jpg\" \/>\n\t<meta property=\"og:image:width\" content=\"2560\" \/>\n\t<meta property=\"og:image:height\" content=\"1706\" \/>\n\t<meta property=\"og:image:type\" content=\"image\/jpeg\" \/>\n<meta name=\"twitter:card\" content=\"summary_large_image\" \/>\n<meta name=\"twitter:label1\" content=\"Est. reading time\" \/>\n\t<meta name=\"twitter:data1\" content=\"3 minutes\" \/>\n<script type=\"application\/ld+json\" class=\"yoast-schema-graph\">{\"@context\":\"https:\/\/schema.org\",\"@graph\":[{\"@type\":\"WebPage\",\"@id\":\"https:\/\/mokrice-castle.com\/si\/zgodovina\/\",\"url\":\"https:\/\/mokrice-castle.com\/si\/zgodovina\/\",\"name\":\"Zgodovina Gradu Mokrice - Mokrice Castle\",\"isPartOf\":{\"@id\":\"https:\/\/mokrice-castle.com\/si\/#website\"},\"primaryImageOfPage\":{\"@id\":\"https:\/\/mokrice-castle.com\/si\/zgodovina\/#primaryimage\"},\"image\":{\"@id\":\"https:\/\/mokrice-castle.com\/si\/zgodovina\/#primaryimage\"},\"thumbnailUrl\":\"https:\/\/mokrice-castle.com\/si\/wp-content\/uploads\/2022\/01\/MOKRICE11583-scaled.jpg\",\"datePublished\":\"2022-02-09T10:01:37+00:00\",\"dateModified\":\"2022-05-24T14:00:05+00:00\",\"description\":\"Grad Mokrice je bil prvi\u010d omenjen leta 1444, osnovne zna\u010dilnosti renesan\u010dnega gradu pa so Mokrice dobile v 16. stoletju.\",\"breadcrumb\":{\"@id\":\"https:\/\/mokrice-castle.com\/si\/zgodovina\/#breadcrumb\"},\"inLanguage\":\"en-US\",\"potentialAction\":[{\"@type\":\"ReadAction\",\"target\":[\"https:\/\/mokrice-castle.com\/si\/zgodovina\/\"]}]},{\"@type\":\"ImageObject\",\"inLanguage\":\"en-US\",\"@id\":\"https:\/\/mokrice-castle.com\/si\/zgodovina\/#primaryimage\",\"url\":\"https:\/\/mokrice-castle.com\/si\/wp-content\/uploads\/2022\/01\/MOKRICE11583-scaled.jpg\",\"contentUrl\":\"https:\/\/mokrice-castle.com\/si\/wp-content\/uploads\/2022\/01\/MOKRICE11583-scaled.jpg\",\"width\":2560,\"height\":1706},{\"@type\":\"BreadcrumbList\",\"@id\":\"https:\/\/mokrice-castle.com\/si\/zgodovina\/#breadcrumb\",\"itemListElement\":[{\"@type\":\"ListItem\",\"position\":1,\"name\":\"Home\",\"item\":\"https:\/\/mokrice-castle.com\/si\/\"},{\"@type\":\"ListItem\",\"position\":2,\"name\":\"Zgodovina Gradu Mokrice\"}]},{\"@type\":\"WebSite\",\"@id\":\"https:\/\/mokrice-castle.com\/si\/#website\",\"url\":\"https:\/\/mokrice-castle.com\/si\/\",\"name\":\"Mokrice Castle\",\"description\":\"Slovenia \",\"potentialAction\":[{\"@type\":\"SearchAction\",\"target\":{\"@type\":\"EntryPoint\",\"urlTemplate\":\"https:\/\/mokrice-castle.com\/si\/?s={search_term_string}\"},\"query-input\":{\"@type\":\"PropertyValueSpecification\",\"valueRequired\":true,\"valueName\":\"search_term_string\"}}],\"inLanguage\":\"en-US\"}]}<\/script>\n<!-- \/ Yoast SEO plugin. -->","yoast_head_json":{"title":"Zgodovina Gradu Mokrice - Mokrice Castle","description":"Grad Mokrice je bil prvi\u010d omenjen leta 1444, osnovne zna\u010dilnosti renesan\u010dnega gradu pa so Mokrice dobile v 16. stoletju.","robots":{"index":"index","follow":"follow","max-snippet":"max-snippet:-1","max-image-preview":"max-image-preview:large","max-video-preview":"max-video-preview:-1"},"canonical":"https:\/\/mokrice-castle.com\/si\/zgodovina\/","og_locale":"en_US","og_type":"article","og_title":"Zgodovina Gradu Mokrice - Mokrice Castle","og_description":"Grad Mokrice je bil prvi\u010d omenjen leta 1444, osnovne zna\u010dilnosti renesan\u010dnega gradu pa so Mokrice dobile v 16. stoletju.","og_url":"https:\/\/mokrice-castle.com\/si\/zgodovina\/","og_site_name":"Mokrice Castle","article_modified_time":"2022-05-24T14:00:05+00:00","og_image":[{"width":2560,"height":1706,"url":"https:\/\/mokrice-castle.com\/si\/wp-content\/uploads\/2022\/01\/MOKRICE11583-scaled.jpg","type":"image\/jpeg"}],"twitter_card":"summary_large_image","twitter_misc":{"Est. reading time":"3 minutes"},"schema":{"@context":"https:\/\/schema.org","@graph":[{"@type":"WebPage","@id":"https:\/\/mokrice-castle.com\/si\/zgodovina\/","url":"https:\/\/mokrice-castle.com\/si\/zgodovina\/","name":"Zgodovina Gradu Mokrice - Mokrice Castle","isPartOf":{"@id":"https:\/\/mokrice-castle.com\/si\/#website"},"primaryImageOfPage":{"@id":"https:\/\/mokrice-castle.com\/si\/zgodovina\/#primaryimage"},"image":{"@id":"https:\/\/mokrice-castle.com\/si\/zgodovina\/#primaryimage"},"thumbnailUrl":"https:\/\/mokrice-castle.com\/si\/wp-content\/uploads\/2022\/01\/MOKRICE11583-scaled.jpg","datePublished":"2022-02-09T10:01:37+00:00","dateModified":"2022-05-24T14:00:05+00:00","description":"Grad Mokrice je bil prvi\u010d omenjen leta 1444, osnovne zna\u010dilnosti renesan\u010dnega gradu pa so Mokrice dobile v 16. stoletju.","breadcrumb":{"@id":"https:\/\/mokrice-castle.com\/si\/zgodovina\/#breadcrumb"},"inLanguage":"en-US","potentialAction":[{"@type":"ReadAction","target":["https:\/\/mokrice-castle.com\/si\/zgodovina\/"]}]},{"@type":"ImageObject","inLanguage":"en-US","@id":"https:\/\/mokrice-castle.com\/si\/zgodovina\/#primaryimage","url":"https:\/\/mokrice-castle.com\/si\/wp-content\/uploads\/2022\/01\/MOKRICE11583-scaled.jpg","contentUrl":"https:\/\/mokrice-castle.com\/si\/wp-content\/uploads\/2022\/01\/MOKRICE11583-scaled.jpg","width":2560,"height":1706},{"@type":"BreadcrumbList","@id":"https:\/\/mokrice-castle.com\/si\/zgodovina\/#breadcrumb","itemListElement":[{"@type":"ListItem","position":1,"name":"Home","item":"https:\/\/mokrice-castle.com\/si\/"},{"@type":"ListItem","position":2,"name":"Zgodovina Gradu Mokrice"}]},{"@type":"WebSite","@id":"https:\/\/mokrice-castle.com\/si\/#website","url":"https:\/\/mokrice-castle.com\/si\/","name":"Mokrice Castle","description":"Slovenia ","potentialAction":[{"@type":"SearchAction","target":{"@type":"EntryPoint","urlTemplate":"https:\/\/mokrice-castle.com\/si\/?s={search_term_string}"},"query-input":{"@type":"PropertyValueSpecification","valueRequired":true,"valueName":"search_term_string"}}],"inLanguage":"en-US"}]}},"_links":{"self":[{"href":"https:\/\/mokrice-castle.com\/si\/wp-json\/wp\/v2\/pages\/191","targetHints":{"allow":["GET"]}}],"collection":[{"href":"https:\/\/mokrice-castle.com\/si\/wp-json\/wp\/v2\/pages"}],"about":[{"href":"https:\/\/mokrice-castle.com\/si\/wp-json\/wp\/v2\/types\/page"}],"author":[{"embeddable":true,"href":"https:\/\/mokrice-castle.com\/si\/wp-json\/wp\/v2\/users\/1"}],"replies":[{"embeddable":true,"href":"https:\/\/mokrice-castle.com\/si\/wp-json\/wp\/v2\/comments?post=191"}],"version-history":[{"count":0,"href":"https:\/\/mokrice-castle.com\/si\/wp-json\/wp\/v2\/pages\/191\/revisions"}],"wp:featuredmedia":[{"embeddable":true,"href":"https:\/\/mokrice-castle.com\/si\/wp-json\/wp\/v2\/media\/41"}],"wp:attachment":[{"href":"https:\/\/mokrice-castle.com\/si\/wp-json\/wp\/v2\/media?parent=191"}],"curies":[{"name":"wp","href":"https:\/\/api.w.org\/{rel}","templated":true}]}}