{"id":597,"date":"2024-07-16T08:02:07","date_gmt":"2024-07-16T08:02:07","guid":{"rendered":"https:\/\/mokrice-castle.com\/si\/?page_id=597"},"modified":"2024-07-16T08:02:54","modified_gmt":"2024-07-16T08:02:54","slug":"bar-1444","status":"publish","type":"page","link":"https:\/\/mokrice-castle.com\/si\/bar-1444\/","title":{"rendered":"Bar 1444"},"content":{"rendered":"\n[et_pb_section fb_built=&#8221;1&#8243; admin_label=&#8221;Work&#8221; _builder_version=&#8221;4.16&#8243; background_enable_image=&#8221;off&#8221; background_size=&#8221;initial&#8221; background_repeat=&#8221;repeat&#8221; global_colors_info=&#8221;{}&#8221;][et_pb_row column_structure=&#8221;2_3,1_3&#8243; custom_padding_last_edited=&#8221;off|phone&#8221; _builder_version=&#8221;4.16&#8243; background_position=&#8221;bottom_center&#8221; custom_padding_tablet=&#8221;17vw||17vw||false&#8221; use_custom_width=&#8221;on&#8221; width_unit=&#8221;off&#8221; custom_width_percent=&#8221;100%&#8221; locked=&#8221;off&#8221; global_colors_info=&#8221;{}&#8221;][et_pb_column type=&#8221;2_3&#8243; _builder_version=&#8221;4.16&#8243; custom_padding=&#8221;|||&#8221; global_colors_info=&#8221;{}&#8221; custom_padding__hover=&#8221;|||&#8221;][et_pb_text _builder_version=&#8221;4.16&#8243; text_font=&#8221;||||||||&#8221; header_font=&#8221;||||||||&#8221; header_2_font=&#8221;Prata|500|||||||&#8221; header_2_text_align=&#8221;center&#8221; header_2_font_size=&#8221;56px&#8221; header_2_line_height=&#8221;1.3em&#8221; header_3_font=&#8221;|700||on|||||&#8221; header_3_text_align=&#8221;center&#8221; header_3_text_color=&#8221;rgba(0,0,0,0.35)&#8221; header_3_font_size=&#8221;12px&#8221; header_3_letter_spacing=&#8221;5px&#8221; header_3_line_height=&#8221;2em&#8221; transform_translate_linked=&#8221;off&#8221; max_width=&#8221;700px&#8221; max_width_tablet=&#8221;70%&#8221; max_width_last_edited=&#8221;off|phone&#8221; module_alignment=&#8221;center&#8221; custom_margin=&#8221;33px|||||&#8221; header_2_font_size_tablet=&#8221;40px&#8221; header_2_font_size_phone=&#8221;26px&#8221; header_2_font_size_last_edited=&#8221;on|tablet&#8221; header_3_font_size_phone=&#8221;10px&#8221; header_3_font_size_last_edited=&#8221;off|desktop&#8221; module_alignment_last_edited=&#8221;off|desktop&#8221; global_colors_info=&#8221;{}&#8221;]<h2>Bar 1444<\/h2>[\/et_pb_text][\/et_pb_column][et_pb_column type=&#8221;1_3&#8243; _builder_version=&#8221;4.16&#8243; custom_padding=&#8221;|||&#8221; global_colors_info=&#8221;{}&#8221; custom_padding__hover=&#8221;|||&#8221;][\/et_pb_column][\/et_pb_row][\/et_pb_section][et_pb_section fb_built=&#8221;1&#8243; _builder_version=&#8221;4.16&#8243; _module_preset=&#8221;default&#8221; custom_margin=&#8221;||50px||false|false&#8221; custom_padding=&#8221;3px||3px|||&#8221; global_colors_info=&#8221;{}&#8221;][et_pb_row column_structure=&#8221;1_4,1_4,1_4,1_4&#8243; use_custom_gutter=&#8221;on&#8221; gutter_width=&#8221;1&#8243; make_equal=&#8221;on&#8221; _builder_version=&#8221;4.26.1&#8243; _module_preset=&#8221;default&#8221; width=&#8221;100%&#8221; max_width=&#8221;2000px&#8221; min_height=&#8221;400px&#8221; custom_margin=&#8221;0px||0px||true|false&#8221; custom_padding=&#8221;0px||0px||false|false&#8221; hover_enabled=&#8221;0&#8243; global_colors_info=&#8221;{}&#8221; sticky_enabled=&#8221;0&#8243;][et_pb_column type=&#8221;1_4&#8243; _builder_version=&#8221;4.26.1&#8243; _module_preset=&#8221;default&#8221; background_image=&#8221;https:\/\/mokrice-castle.com\/si\/wp-content\/uploads\/2024\/07\/Mokrice-Bar-1444-C\u030catez\u030c2-scaled.jpg&#8221; custom_padding=&#8221;20px|20px|20px|20px|true|true&#8221; hover_enabled=&#8221;0&#8243; global_colors_info=&#8221;{}&#8221; title_text=&#8221;Mokrice Bar 1444 C\u030catez\u030c2&#8243; sticky_enabled=&#8221;0&#8243;][et_pb_text _builder_version=&#8221;4.16&#8243; _module_preset=&#8221;default&#8221; min_height=&#8221;300px&#8221; global_colors_info=&#8221;{}&#8221;][\/et_pb_text][\/et_pb_column][et_pb_column type=&#8221;1_4&#8243; _builder_version=&#8221;4.26.1&#8243; _module_preset=&#8221;default&#8221; background_image=&#8221;https:\/\/mokrice-castle.com\/si\/wp-content\/uploads\/2024\/07\/Mokrice-Bar-1444-C\u030catez\u030c7-scaled.jpg&#8221; custom_padding=&#8221;20px|20px|20px|20px|true|true&#8221; hover_enabled=&#8221;0&#8243; global_colors_info=&#8221;{}&#8221; title_text=&#8221;Mokrice Bar 1444 C\u030catez\u030c7&#8243; sticky_enabled=&#8221;0&#8243;][et_pb_text _builder_version=&#8221;4.16&#8243; _module_preset=&#8221;default&#8221; min_height=&#8221;300px&#8221; global_colors_info=&#8221;{}&#8221;][\/et_pb_text][\/et_pb_column][et_pb_column type=&#8221;1_4&#8243; _builder_version=&#8221;4.26.1&#8243; _module_preset=&#8221;default&#8221; background_image=&#8221;https:\/\/mokrice-castle.com\/si\/wp-content\/uploads\/2024\/07\/Mokrice-Bar-1444-C\u030catez\u030c4-scaled.jpg&#8221; custom_padding=&#8221;20px|20px|20px|20px|true|true&#8221; hover_enabled=&#8221;0&#8243; global_colors_info=&#8221;{}&#8221; title_text=&#8221;Mokrice Bar 1444 C\u030catez\u030c4&#8243; sticky_enabled=&#8221;0&#8243;][et_pb_text _builder_version=&#8221;4.16&#8243; _module_preset=&#8221;default&#8221; min_height=&#8221;300px&#8221; global_colors_info=&#8221;{}&#8221;][\/et_pb_text][\/et_pb_column][et_pb_column type=&#8221;1_4&#8243; _builder_version=&#8221;4.26.1&#8243; _module_preset=&#8221;default&#8221; background_image=&#8221;https:\/\/mokrice-castle.com\/si\/wp-content\/uploads\/2024\/07\/Mokrice-Bar-1444-C\u030catez\u030c13-scaled.jpg&#8221; custom_padding=&#8221;20px|20px|20px|20px|true|true&#8221; hover_enabled=&#8221;0&#8243; global_colors_info=&#8221;{}&#8221; title_text=&#8221;Mokrice Bar 1444 C\u030catez\u030c13&#8243; sticky_enabled=&#8221;0&#8243;][et_pb_text _builder_version=&#8221;4.16&#8243; _module_preset=&#8221;default&#8221; min_height=&#8221;300px&#8221; global_colors_info=&#8221;{}&#8221;][\/et_pb_text][\/et_pb_column][\/et_pb_row][et_pb_row column_structure=&#8221;3_5,2_5&#8243; custom_padding_last_edited=&#8221;off|phone&#8221; _builder_version=&#8221;4.16&#8243; background_position=&#8221;bottom_center&#8221; custom_padding_tablet=&#8221;17vw||17vw||false&#8221; use_custom_width=&#8221;on&#8221; width_unit=&#8221;off&#8221; custom_width_percent=&#8221;100%&#8221; locked=&#8221;off&#8221; global_colors_info=&#8221;{}&#8221;][et_pb_column type=&#8221;3_5&#8243; _builder_version=&#8221;4.16&#8243; custom_padding=&#8221;|||&#8221; global_colors_info=&#8221;{}&#8221; custom_padding__hover=&#8221;|||&#8221;][et_pb_text _builder_version=&#8221;4.16&#8243; text_font=&#8221;||||||||&#8221; header_font=&#8221;||||||||&#8221; header_2_font=&#8221;Prata|500|||||||&#8221; header_2_text_align=&#8221;center&#8221; header_2_font_size=&#8221;56px&#8221; header_2_line_height=&#8221;1.3em&#8221; header_3_font=&#8221;|700||on|||||&#8221; header_3_text_align=&#8221;center&#8221; header_3_text_color=&#8221;rgba(0,0,0,0.35)&#8221; header_3_font_size=&#8221;12px&#8221; header_3_letter_spacing=&#8221;5px&#8221; header_3_line_height=&#8221;2em&#8221; transform_translate_linked=&#8221;off&#8221; max_width=&#8221;700px&#8221; max_width_tablet=&#8221;70%&#8221; max_width_last_edited=&#8221;off|phone&#8221; module_alignment=&#8221;center&#8221; header_2_font_size_tablet=&#8221;40px&#8221; header_2_font_size_phone=&#8221;26px&#8221; header_2_font_size_last_edited=&#8221;on|tablet&#8221; header_3_font_size_phone=&#8221;10px&#8221; header_3_font_size_last_edited=&#8221;off|desktop&#8221; module_alignment_last_edited=&#8221;off|desktop&#8221; global_colors_info=&#8221;{}&#8221;][\/et_pb_text][et_pb_text _builder_version=&#8221;4.16&#8243; text_font=&#8221;||||||||&#8221; text_text_color=&#8221;#000000&#8243; text_line_height=&#8221;1.8em&#8221; header_font=&#8221;||||||||&#8221; header_2_font=&#8221;Prata|500|||||||&#8221; header_2_text_align=&#8221;center&#8221; header_2_font_size=&#8221;56px&#8221; header_2_line_height=&#8221;1.3em&#8221; header_3_font=&#8221;|700||on|||||&#8221; header_3_text_align=&#8221;center&#8221; header_3_text_color=&#8221;rgba(0,0,0,0.35)&#8221; header_3_font_size=&#8221;12px&#8221; header_3_letter_spacing=&#8221;5px&#8221; header_3_line_height=&#8221;2em&#8221; transform_translate_linked=&#8221;off&#8221; max_width=&#8221;700px&#8221; max_width_tablet=&#8221;70%&#8221; max_width_last_edited=&#8221;off|phone&#8221; module_alignment=&#8221;center&#8221; custom_padding=&#8221;8px|||||&#8221; header_2_font_size_tablet=&#8221;40px&#8221; header_2_font_size_phone=&#8221;26px&#8221; header_2_font_size_last_edited=&#8221;on|tablet&#8221; header_3_font_size_phone=&#8221;10px&#8221; header_3_font_size_last_edited=&#8221;off|desktop&#8221; module_alignment_last_edited=&#8221;off|desktop&#8221; global_colors_info=&#8221;{}&#8221;]<p><span>Odkrijte \u010dar Bara 1444, v prijeten ambient vseh vinskih navdu\u0161encev in \u017eeljnih sprostitve, ki se nahaja na slikovitem posestvu gradu Mokrice. Na\u0161 bar se pona\u0161a z impresivno izbiro vin priznanih doma\u010dih slovenskih vinarjev, ki jo dopolnjujemo z najbolj\u0161o izbiro vrhunskih vinarjev iz vsega sveta.<\/span><\/p>\n<p><span>Dopolnite svojo izbiro vina z na\u0161imi slastnimi sladicami in prigrizki, za tiste, ki imate raje kaj lahkotnej\u0161ega, pa nudimo odli\u010dno skodelico kave in razli\u010dne brezalkoholne pija\u010de.<\/span><\/p>\n<p><span>Pravi vrhunec Bara 1444 je njegova dih jemajo\u010da lokacija. Sprostite se sredi bujnega zelenega gozda in u\u017eivajte v osupljivem razgledu na na\u0161e obse\u017eno 66 ha golf igri\u0161\u010de. Ne glede na to, ali ste tukaj zaradi spro\u0161\u010dene pija\u010de v dru\u017ebi ali posebnega praznovanja v dvoje, bo na\u0161e spokojno okolje in toplo gostoljubje naredilo va\u0161 obisk enkraten.<\/span><\/p>\n<p><span>Pridru\u017eite se nam v Baru 1444 in popestrite svojo izku\u0161njo z izjemnimi vini in slikovito lepoto. Na zdravje in nepozabne trenutke!<\/span><\/p>[\/et_pb_text][\/et_pb_column][et_pb_column type=&#8221;2_5&#8243; _builder_version=&#8221;4.16&#8243; custom_padding=&#8221;|||&#8221; global_colors_info=&#8221;{}&#8221; custom_padding__hover=&#8221;|||&#8221;][et_pb_image src=&#8221;https:\/\/mokrice-castle.com\/si\/wp-content\/uploads\/2024\/04\/1444-BAR-GradMokrice-logo-CRN.png&#8221; title_text=&#8221;1444-BAR-GradMokrice-logo-CRN&#8221; align=&#8221;center&#8221; _builder_version=&#8221;4.26.1&#8243; _module_preset=&#8221;default&#8221; width=&#8221;50%&#8221; custom_padding=&#8221;37px|||||&#8221; hover_enabled=&#8221;0&#8243; global_colors_info=&#8221;{}&#8221; sticky_enabled=&#8221;0&#8243;][\/et_pb_image][\/et_pb_column][\/et_pb_row][\/et_pb_section]\n","protected":false},"excerpt":{"rendered":"<p>Odkrijte \u010dar Bara 1444, v prijeten ambient vseh vinskih navdu\u0161encev in \u017eeljnih sprostitve, ki se nahaja na slikovitem posestvu gradu Mokrice. <\/p>\n","protected":false},"author":1,"featured_media":603,"parent":0,"menu_order":0,"comment_status":"closed","ping_status":"closed","template":"","meta":{"_et_pb_use_builder":"on","_et_pb_old_content":"","_et_gb_content_width":"","footnotes":""},"class_list":["post-597","page","type-page","status-publish","has-post-thumbnail","hentry"],"yoast_head":"<!-- This site is optimized with the Yoast SEO plugin v26.9 - https:\/\/yoast.com\/product\/yoast-seo-wordpress\/ -->\n<title>Bar 1444<\/title>\n<meta name=\"description\" content=\"Odkrijte \u010dar Bara 1444, v prijeten ambient vseh vinskih navdu\u0161encev in \u017eeljnih sprostitve, ki se nahaja na slikovitem posestvu gradu Mokrice.\" \/>\n<meta name=\"robots\" content=\"index, follow, max-snippet:-1, max-image-preview:large, max-video-preview:-1\" \/>\n<link rel=\"canonical\" href=\"https:\/\/mokrice-castle.com\/si\/bar-1444\/\" \/>\n<meta property=\"og:locale\" content=\"en_US\" \/>\n<meta property=\"og:type\" content=\"article\" \/>\n<meta property=\"og:title\" content=\"Bar 1444\" \/>\n<meta property=\"og:description\" content=\"Odkrijte \u010dar Bara 1444, v prijeten ambient vseh vinskih navdu\u0161encev in \u017eeljnih sprostitve, ki se nahaja na slikovitem posestvu gradu Mokrice.\" \/>\n<meta property=\"og:url\" content=\"https:\/\/mokrice-castle.com\/si\/bar-1444\/\" \/>\n<meta property=\"og:site_name\" content=\"Mokrice Castle\" \/>\n<meta property=\"article:modified_time\" content=\"2024-07-16T08:02:54+00:00\" \/>\n<meta property=\"og:image\" content=\"https:\/\/mokrice-castle.com\/si\/wp-content\/uploads\/2024\/07\/Mokrice-Bar-1444-C\u030catez\u030c6-scaled.jpg\" \/>\n\t<meta property=\"og:image:width\" content=\"2560\" \/>\n\t<meta property=\"og:image:height\" content=\"1706\" \/>\n\t<meta property=\"og:image:type\" content=\"image\/jpeg\" \/>\n<meta name=\"twitter:card\" content=\"summary_large_image\" \/>\n<meta name=\"twitter:label1\" content=\"Est. reading time\" \/>\n\t<meta name=\"twitter:data1\" content=\"3 minutes\" \/>\n<script type=\"application\/ld+json\" class=\"yoast-schema-graph\">{\"@context\":\"https:\/\/schema.org\",\"@graph\":[{\"@type\":\"WebPage\",\"@id\":\"https:\/\/mokrice-castle.com\/si\/bar-1444\/\",\"url\":\"https:\/\/mokrice-castle.com\/si\/bar-1444\/\",\"name\":\"Bar 1444\",\"isPartOf\":{\"@id\":\"https:\/\/mokrice-castle.com\/si\/#website\"},\"primaryImageOfPage\":{\"@id\":\"https:\/\/mokrice-castle.com\/si\/bar-1444\/#primaryimage\"},\"image\":{\"@id\":\"https:\/\/mokrice-castle.com\/si\/bar-1444\/#primaryimage\"},\"thumbnailUrl\":\"https:\/\/mokrice-castle.com\/si\/wp-content\/uploads\/2024\/07\/Mokrice-Bar-1444-C\u030catez\u030c6-scaled.jpg\",\"datePublished\":\"2024-07-16T08:02:07+00:00\",\"dateModified\":\"2024-07-16T08:02:54+00:00\",\"description\":\"Odkrijte \u010dar Bara 1444, v prijeten ambient vseh vinskih navdu\u0161encev in \u017eeljnih sprostitve, ki se nahaja na slikovitem posestvu gradu Mokrice.\",\"breadcrumb\":{\"@id\":\"https:\/\/mokrice-castle.com\/si\/bar-1444\/#breadcrumb\"},\"inLanguage\":\"en-US\",\"potentialAction\":[{\"@type\":\"ReadAction\",\"target\":[\"https:\/\/mokrice-castle.com\/si\/bar-1444\/\"]}]},{\"@type\":\"ImageObject\",\"inLanguage\":\"en-US\",\"@id\":\"https:\/\/mokrice-castle.com\/si\/bar-1444\/#primaryimage\",\"url\":\"https:\/\/mokrice-castle.com\/si\/wp-content\/uploads\/2024\/07\/Mokrice-Bar-1444-C\u030catez\u030c6-scaled.jpg\",\"contentUrl\":\"https:\/\/mokrice-castle.com\/si\/wp-content\/uploads\/2024\/07\/Mokrice-Bar-1444-C\u030catez\u030c6-scaled.jpg\",\"width\":2560,\"height\":1706},{\"@type\":\"BreadcrumbList\",\"@id\":\"https:\/\/mokrice-castle.com\/si\/bar-1444\/#breadcrumb\",\"itemListElement\":[{\"@type\":\"ListItem\",\"position\":1,\"name\":\"Home\",\"item\":\"https:\/\/mokrice-castle.com\/si\/\"},{\"@type\":\"ListItem\",\"position\":2,\"name\":\"Bar 1444\"}]},{\"@type\":\"WebSite\",\"@id\":\"https:\/\/mokrice-castle.com\/si\/#website\",\"url\":\"https:\/\/mokrice-castle.com\/si\/\",\"name\":\"Mokrice Castle\",\"description\":\"Slovenia \",\"potentialAction\":[{\"@type\":\"SearchAction\",\"target\":{\"@type\":\"EntryPoint\",\"urlTemplate\":\"https:\/\/mokrice-castle.com\/si\/?s={search_term_string}\"},\"query-input\":{\"@type\":\"PropertyValueSpecification\",\"valueRequired\":true,\"valueName\":\"search_term_string\"}}],\"inLanguage\":\"en-US\"}]}<\/script>\n<!-- \/ Yoast SEO plugin. -->","yoast_head_json":{"title":"Bar 1444","description":"Odkrijte \u010dar Bara 1444, v prijeten ambient vseh vinskih navdu\u0161encev in \u017eeljnih sprostitve, ki se nahaja na slikovitem posestvu gradu Mokrice.","robots":{"index":"index","follow":"follow","max-snippet":"max-snippet:-1","max-image-preview":"max-image-preview:large","max-video-preview":"max-video-preview:-1"},"canonical":"https:\/\/mokrice-castle.com\/si\/bar-1444\/","og_locale":"en_US","og_type":"article","og_title":"Bar 1444","og_description":"Odkrijte \u010dar Bara 1444, v prijeten ambient vseh vinskih navdu\u0161encev in \u017eeljnih sprostitve, ki se nahaja na slikovitem posestvu gradu Mokrice.","og_url":"https:\/\/mokrice-castle.com\/si\/bar-1444\/","og_site_name":"Mokrice Castle","article_modified_time":"2024-07-16T08:02:54+00:00","og_image":[{"width":2560,"height":1706,"url":"https:\/\/mokrice-castle.com\/si\/wp-content\/uploads\/2024\/07\/Mokrice-Bar-1444-C\u030catez\u030c6-scaled.jpg","type":"image\/jpeg"}],"twitter_card":"summary_large_image","twitter_misc":{"Est. reading time":"3 minutes"},"schema":{"@context":"https:\/\/schema.org","@graph":[{"@type":"WebPage","@id":"https:\/\/mokrice-castle.com\/si\/bar-1444\/","url":"https:\/\/mokrice-castle.com\/si\/bar-1444\/","name":"Bar 1444","isPartOf":{"@id":"https:\/\/mokrice-castle.com\/si\/#website"},"primaryImageOfPage":{"@id":"https:\/\/mokrice-castle.com\/si\/bar-1444\/#primaryimage"},"image":{"@id":"https:\/\/mokrice-castle.com\/si\/bar-1444\/#primaryimage"},"thumbnailUrl":"https:\/\/mokrice-castle.com\/si\/wp-content\/uploads\/2024\/07\/Mokrice-Bar-1444-C\u030catez\u030c6-scaled.jpg","datePublished":"2024-07-16T08:02:07+00:00","dateModified":"2024-07-16T08:02:54+00:00","description":"Odkrijte \u010dar Bara 1444, v prijeten ambient vseh vinskih navdu\u0161encev in \u017eeljnih sprostitve, ki se nahaja na slikovitem posestvu gradu Mokrice.","breadcrumb":{"@id":"https:\/\/mokrice-castle.com\/si\/bar-1444\/#breadcrumb"},"inLanguage":"en-US","potentialAction":[{"@type":"ReadAction","target":["https:\/\/mokrice-castle.com\/si\/bar-1444\/"]}]},{"@type":"ImageObject","inLanguage":"en-US","@id":"https:\/\/mokrice-castle.com\/si\/bar-1444\/#primaryimage","url":"https:\/\/mokrice-castle.com\/si\/wp-content\/uploads\/2024\/07\/Mokrice-Bar-1444-C\u030catez\u030c6-scaled.jpg","contentUrl":"https:\/\/mokrice-castle.com\/si\/wp-content\/uploads\/2024\/07\/Mokrice-Bar-1444-C\u030catez\u030c6-scaled.jpg","width":2560,"height":1706},{"@type":"BreadcrumbList","@id":"https:\/\/mokrice-castle.com\/si\/bar-1444\/#breadcrumb","itemListElement":[{"@type":"ListItem","position":1,"name":"Home","item":"https:\/\/mokrice-castle.com\/si\/"},{"@type":"ListItem","position":2,"name":"Bar 1444"}]},{"@type":"WebSite","@id":"https:\/\/mokrice-castle.com\/si\/#website","url":"https:\/\/mokrice-castle.com\/si\/","name":"Mokrice Castle","description":"Slovenia ","potentialAction":[{"@type":"SearchAction","target":{"@type":"EntryPoint","urlTemplate":"https:\/\/mokrice-castle.com\/si\/?s={search_term_string}"},"query-input":{"@type":"PropertyValueSpecification","valueRequired":true,"valueName":"search_term_string"}}],"inLanguage":"en-US"}]}},"_links":{"self":[{"href":"https:\/\/mokrice-castle.com\/si\/wp-json\/wp\/v2\/pages\/597","targetHints":{"allow":["GET"]}}],"collection":[{"href":"https:\/\/mokrice-castle.com\/si\/wp-json\/wp\/v2\/pages"}],"about":[{"href":"https:\/\/mokrice-castle.com\/si\/wp-json\/wp\/v2\/types\/page"}],"author":[{"embeddable":true,"href":"https:\/\/mokrice-castle.com\/si\/wp-json\/wp\/v2\/users\/1"}],"replies":[{"embeddable":true,"href":"https:\/\/mokrice-castle.com\/si\/wp-json\/wp\/v2\/comments?post=597"}],"version-history":[{"count":0,"href":"https:\/\/mokrice-castle.com\/si\/wp-json\/wp\/v2\/pages\/597\/revisions"}],"wp:featuredmedia":[{"embeddable":true,"href":"https:\/\/mokrice-castle.com\/si\/wp-json\/wp\/v2\/media\/603"}],"wp:attachment":[{"href":"https:\/\/mokrice-castle.com\/si\/wp-json\/wp\/v2\/media?parent=597"}],"curies":[{"name":"wp","href":"https:\/\/api.w.org\/{rel}","templated":true}]}}